{"id":321,"date":"2025-03-31T11:22:45","date_gmt":"2025-03-31T09:22:45","guid":{"rendered":"https:\/\/chosesimple.com\/?page_id=321"},"modified":"2025-03-31T11:22:45","modified_gmt":"2025-03-31T09:22:45","slug":"mentions-legales","status":"publish","type":"page","link":"https:\/\/chosesimple.com\/?page_id=321","title":{"rendered":"MENTIONS L\u00c9GALES"},"content":{"rendered":"\n<p><strong>1. \u00c9diteur du site<\/strong><br>Raison sociale : DUSUEL<br>Statut juridique : Auto-entrepreneur<br>Si\u00e8ge social : 12 rue de la contrescarpe, Apt 5, 80000, AMIENS<br>Num\u00e9ro SIRET : 92076775300014<br>Responsable de la publication : DUSUEL Lucas<br>Email :&nbsp;<a>chosesimple.chosesimple@gmail.com<\/a><\/p>\n\n\n\n<p><strong>2. H\u00e9bergeur du site<\/strong><br>Nom de l&#8217;h\u00e9bergeur : OVH SAS<br>Adresse de l&#8217;h\u00e9bergeur : 2, rue Kellermann, 59100 Roubaix<br>Contact de l&#8217;h\u00e9bergeur : Vous pouvez contacter le support OVHcloud au 1007 (composez le +33 9 72 10 10 07 depuis une ligne en dehors de la France).<\/p>\n\n\n\n<p><strong>3. Propri\u00e9t\u00e9 intellectuelle<\/strong><br>Les contenus (textes, images, etc.) pr\u00e9sents sur ce site sont r\u00e9utilisables mais ne doivent pas \u00eatre utilis\u00e9s \u00e0 mauvais escient. Toute utilisation abusive peut entra\u00eener des poursuites.<\/p>\n\n\n\n<p><strong>4. Donn\u00e9es personnelles<\/strong><br>Les donn\u00e9es des visiteurs sont collect\u00e9es, stock\u00e9es et utilis\u00e9es uniquement dans le but d&#8217;optimiser l&#8217;exp\u00e9rience utilisateur.<br>Outils de suivi utilis\u00e9s : Google Analytics, Jetpack et cookies.<br>Politique de confidentialit\u00e9 : [ins\u00e9rer le lien ici]<\/p>\n\n\n\n<p><strong>5. Conditions d&#8217;utilisation<\/strong><br>Aucune r\u00e8gle g\u00e9n\u00e9rale d&#8217;utilisation particuli\u00e8re \u00e0 signaler.<br>Aucune responsabilit\u00e9 sp\u00e9cifique de l&#8217;\u00e9diteur et de l&#8217;utilisateur \u00e0 signaler.<\/p>\n\n\n\n<p>Ces mentions l\u00e9gales sont susceptibles d&#8217;\u00eatre modifi\u00e9es \u00e0 tout moment afin de garantir leur conformit\u00e9 avec la r\u00e9glementation en vigueur.<\/p>\n","protected":false},"excerpt":{"rendered":"<p>1. \u00c9diteur du siteRaison sociale : DUSUELStatut juridique : Auto-entrepreneurSi\u00e8ge social : 12 rue de la contrescarpe, Apt 5, 80000, AMIENSNum\u00e9ro SIRET : 92076775300014Responsable de la publication : DUSUEL LucasEmail :&nbsp;chosesimple.chosesimple@gmail.com 2. H\u00e9bergeur du siteNom de l&#8217;h\u00e9bergeur : OVH SASAdresse de l&#8217;h\u00e9bergeur : 2, rue Kellermann, 59100 RoubaixContact de l&#8217;h\u00e9bergeur : Vous pouvez contacter le [&hellip;]<\/p>\n","protected":false},"author":1,"featured_media":0,"parent":0,"menu_order":0,"comment_status":"closed","ping_status":"closed","template":"","meta":{"footnotes":""},"class_list":["post-321","page","type-page","status-publish","hentry"],"jetpack_sharing_enabled":true,"_links":{"self":[{"href":"https:\/\/chosesimple.com\/index.php?rest_route=\/wp\/v2\/pages\/321","targetHints":{"allow":["GET"]}}],"collection":[{"href":"https:\/\/chosesimple.com\/index.php?rest_route=\/wp\/v2\/pages"}],"about":[{"href":"https:\/\/chosesimple.com\/index.php?rest_route=\/wp\/v2\/types\/page"}],"author":[{"embeddable":true,"href":"https:\/\/chosesimple.com\/index.php?rest_route=\/wp\/v2\/users\/1"}],"replies":[{"embeddable":true,"href":"https:\/\/chosesimple.com\/index.php?rest_route=%2Fwp%2Fv2%2Fcomments&post=321"}],"version-history":[{"count":1,"href":"https:\/\/chosesimple.com\/index.php?rest_route=\/wp\/v2\/pages\/321\/revisions"}],"predecessor-version":[{"id":322,"href":"https:\/\/chosesimple.com\/index.php?rest_route=\/wp\/v2\/pages\/321\/revisions\/322"}],"wp:attachment":[{"href":"https:\/\/chosesimple.com\/index.php?rest_route=%2Fwp%2Fv2%2Fmedia&parent=321"}],"curies":[{"name":"wp","href":"https:\/\/api.w.org\/{rel}","templated":true}]}}