{"id":324,"date":"2025-03-31T11:41:25","date_gmt":"2025-03-31T09:41:25","guid":{"rendered":"https:\/\/chosesimple.com\/?page_id=324"},"modified":"2025-03-31T11:41:25","modified_gmt":"2025-03-31T09:41:25","slug":"cgv","status":"publish","type":"page","link":"https:\/\/chosesimple.com\/?page_id=324","title":{"rendered":"CGV"},"content":{"rendered":"\n<p><strong>1. PR\u00c9AMBULE<\/strong>&nbsp;Les pr\u00e9sentes conditions g\u00e9n\u00e9rales de vente (CGV) r\u00e9gissent les relations entre la soci\u00e9t\u00e9&nbsp;<strong>Chose Simple par DUSUEL<\/strong>, exploitant le site&nbsp;<a><strong>https:\/\/chosesimple.com<\/strong><\/a>, et toute personne physique ou morale effectuant un achat via le site.<\/p>\n\n\n\n<p><strong>2. IDENTIFICATION DU VENDEUR<\/strong>\u00a0Chose Simple par DUSUEL Adresse :12 rue de la contrescarpe, Apt 5, 80000, AMIENS E-mail : <a>chosesimple.chosesimple@gmail.com<\/a> Num\u00e9ro SIRET :92076775300014<\/p>\n\n\n\n<p><strong>3. OBJET<\/strong>&nbsp;Les pr\u00e9sentes CGV d\u00e9finissent les modalit\u00e9s de vente des produits d&#8217;habillement, bijouterie, art de la table et arts artisanaux propos\u00e9s sur le site&nbsp;<a><strong>https:\/\/chosesimple.com<\/strong><\/a>.<\/p>\n\n\n\n<p><strong>4. ACCEPTATION DES CONDITIONS G\u00c9N\u00c9RALES DE VENTE<\/strong>&nbsp;Toute commande pass\u00e9e sur le site implique l&#8217;acceptation sans r\u00e9serve des pr\u00e9sentes CGV par le client.<\/p>\n\n\n\n<p><strong>5. PRODUITS<\/strong>&nbsp;Les produits pr\u00e9sent\u00e9s sur le site sont disponibles dans la limite des stocks disponibles. Les photographies et descriptions des produits sont donn\u00e9es \u00e0 titre indicatif.<\/p>\n\n\n\n<p><strong>6. PRIX<\/strong>&nbsp;Les prix sont indiqu\u00e9s en euros, toutes taxes comprises (TTC). Chose Simple par DUSUEL se r\u00e9serve le droit de modifier les prix \u00e0 tout moment, mais les produits seront factur\u00e9s sur la base des tarifs en vigueur au moment de la validation de la commande.<\/p>\n\n\n\n<p><strong>7. COMMANDE<\/strong>&nbsp;Le client passe commande sur le site&nbsp;<a><strong>https:\/\/chosesimple.com<\/strong><\/a>&nbsp;en suivant le processus de commande en ligne. Toute commande ne sera valid\u00e9e qu&#8217;apr\u00e8s acceptation du paiement.<\/p>\n\n\n\n<p><strong>8. PAIEMENT<\/strong>&nbsp;Les moyens de paiement accept\u00e9s sont :<\/p>\n\n\n\n<ul class=\"wp-block-list\">\n<li>Carte bancaire (Visa, Mastercard, etc.)<\/li>\n\n\n\n<li>PayPal<\/li>\n\n\n\n<li>Virement bancaire<\/li>\n\n\n\n<li>Autres moyens de paiement en ligne disponibles sur le site<\/li>\n<\/ul>\n\n\n\n<p><strong>9. LIVRAISON<\/strong>&nbsp;Chose Simple par DUSUEL livre ses produits partout dans le monde. Les d\u00e9lais de livraison sont donn\u00e9s \u00e0 titre indicatif et peuvent varier en fonction de la destination et du mode d&#8217;exp\u00e9dition.<\/p>\n\n\n\n<p><strong>10. DROIT DE R\u00c9TRACTATION ET RETOURS<\/strong>\u00a0Conform\u00e9ment \u00e0 la l\u00e9gislation en vigueur, le client dispose d&#8217;un d\u00e9lai de 14 jours pour exercer son droit de r\u00e9tractation \u00e0 compter de la r\u00e9ception de la commande. Les retours sont \u00e0 la charge du client sauf en cas de produit d\u00e9fectueux ou d&#8217;erreur de la part de Chose Simple par DUSUEL. Un produit n&#8217;est pas jug\u00e9 d\u00e9fectueux si il ne correspond pas \u00e0 la photo pr\u00e9sente sur la fiche. Les produits artisanaux peuvent pr\u00e9senter des diff\u00e9rences.<\/p>\n\n\n\n<p><strong>11. GARANTIES ET RESPONSABILIT\u00c9<\/strong>&nbsp;Les produits sont conformes \u00e0 la r\u00e9glementation en vigueur et b\u00e9n\u00e9ficient de la garantie l\u00e9gale de conformit\u00e9 et de la garantie contre les vices cach\u00e9s.<\/p>\n\n\n\n<p><strong>12. DONN\u00c9ES PERSONNELLES<\/strong>\u00a0Les informations collect\u00e9es sont n\u00e9cessaires au traitement des commandes et restent confidentielles. Le client dispose d&#8217;un droit d&#8217;acc\u00e8s, de modification et de suppression de ses donn\u00e9es personnelles. Veuillez nous contacter par voie postale pour toute demande.<\/p>\n\n\n\n<p><strong>13. DROIT APPLICABLE ET LITIGES<\/strong>&nbsp;Les pr\u00e9sentes CGV sont soumises au droit fran\u00e7ais. En cas de litige, une solution amiable sera privil\u00e9gi\u00e9e avant toute action en justice.<\/p>\n","protected":false},"excerpt":{"rendered":"<p>1. PR\u00c9AMBULE&nbsp;Les pr\u00e9sentes conditions g\u00e9n\u00e9rales de vente (CGV) r\u00e9gissent les relations entre la soci\u00e9t\u00e9&nbsp;Chose Simple par DUSUEL, exploitant le site&nbsp;https:\/\/chosesimple.com, et toute personne physique ou morale effectuant un achat via le site. 2. IDENTIFICATION DU VENDEUR\u00a0Chose Simple par DUSUEL Adresse :12 rue de la contrescarpe, Apt 5, 80000, AMIENS E-mail : chosesimple.chosesimple@gmail.com Num\u00e9ro SIRET :92076775300014 [&hellip;]<\/p>\n","protected":false},"author":1,"featured_media":0,"parent":0,"menu_order":0,"comment_status":"closed","ping_status":"closed","template":"","meta":{"footnotes":""},"class_list":["post-324","page","type-page","status-publish","hentry"],"jetpack_sharing_enabled":true,"_links":{"self":[{"href":"https:\/\/chosesimple.com\/index.php?rest_route=\/wp\/v2\/pages\/324","targetHints":{"allow":["GET"]}}],"collection":[{"href":"https:\/\/chosesimple.com\/index.php?rest_route=\/wp\/v2\/pages"}],"about":[{"href":"https:\/\/chosesimple.com\/index.php?rest_route=\/wp\/v2\/types\/page"}],"author":[{"embeddable":true,"href":"https:\/\/chosesimple.com\/index.php?rest_route=\/wp\/v2\/users\/1"}],"replies":[{"embeddable":true,"href":"https:\/\/chosesimple.com\/index.php?rest_route=%2Fwp%2Fv2%2Fcomments&post=324"}],"version-history":[{"count":1,"href":"https:\/\/chosesimple.com\/index.php?rest_route=\/wp\/v2\/pages\/324\/revisions"}],"predecessor-version":[{"id":325,"href":"https:\/\/chosesimple.com\/index.php?rest_route=\/wp\/v2\/pages\/324\/revisions\/325"}],"wp:attachment":[{"href":"https:\/\/chosesimple.com\/index.php?rest_route=%2Fwp%2Fv2%2Fmedia&parent=324"}],"curies":[{"name":"wp","href":"https:\/\/api.w.org\/{rel}","templated":true}]}}