{"id":398,"date":"2025-04-14T12:03:56","date_gmt":"2025-04-14T10:03:56","guid":{"rendered":"https:\/\/chosesimple.com\/?page_id=398"},"modified":"2025-04-14T12:03:56","modified_gmt":"2025-04-14T10:03:56","slug":"lhistoire","status":"publish","type":"page","link":"https:\/\/chosesimple.com\/?page_id=398","title":{"rendered":"L&#8217;histoire"},"content":{"rendered":"\n<h2 class=\"wp-block-heading\">Repenser la cr\u00e9ation, autrement<\/h2>\n\n\n\n<p><strong>Chose Simple<\/strong>&nbsp;est n\u00e9e d\u2019un apprentissage, d\u2019un voyage, et d\u2019une passion profonde pour la mode et l\u2019artisanat.<\/p>\n\n\n\n<p>Tout a commenc\u00e9 avec une surchemise en Kente. \u00c0 l\u2019\u00e9poque, je d\u00e9couvrais la couture aux c\u00f4t\u00e9s d\u2019une couturi\u00e8re exp\u00e9riment\u00e9e qui m\u2019a aid\u00e9 \u00e0 r\u00e9aliser les premiers prototypes. Elle me r\u00e9p\u00e9tait souvent que nous commencions par \u201cdes choses simples\u201d. Cette phrase est rest\u00e9e, comme une boussole. Elle a donn\u00e9 naissance au nom de la marque, mais aussi \u00e0 sa philosophie : cr\u00e9er des pi\u00e8ces \u00e9pur\u00e9es, sans artifice, qui trouvent leur force dans les d\u00e9tails, les mati\u00e8res, et l\u2019histoire qu\u2019elles racontent.<\/p>\n\n\n\n<h2 class=\"wp-block-heading\">Une marque n\u00e9e d\u2019un apprentissage et d\u2019un voyage<\/h2>\n\n\n\n<p>Avant de lancer Chose Simple, j\u2019ai cofond\u00e9&nbsp;<em>Not A Game<\/em>, un m\u00e9dia associatif d\u00e9di\u00e9 \u00e0 la mise en lumi\u00e8re de cr\u00e9ateurs et cr\u00e9atrices. Ce projet m\u2019a permis de d\u00e9couvrir la richesse des parcours, des visions, et surtout de comprendre que derri\u00e8re chaque pi\u00e8ce se cache une histoire de pers\u00e9v\u00e9rance, de passion, et d\u2019engagement.<\/p>\n\n\n\n<p>C\u2019est en janvier 2023, apr\u00e8s un premier voyage au Togo, que j\u2019ai lanc\u00e9 Chose Simple. Ce s\u00e9jour, pr\u00e9vu \u00e0 l\u2019origine pour d\u00e9couvrir la couture, s\u2019est transform\u00e9 en v\u00e9ritable immersion. J\u2019y ai appris les bases, rencontr\u00e9 des artisans passionn\u00e9s, et r\u00e9alis\u00e9, presque par hasard, le prototype de la surchemise en Kente. \u00c0 mon retour, l\u2019enthousiasme autour de cette pi\u00e8ce m\u2019a pouss\u00e9 \u00e0 la retravailler et \u00e0 repartir au Togo quelques mois plus tard, cette fois pour superviser la production avec un petit atelier situ\u00e9 au c\u0153ur de Lom\u00e9.<\/p>\n\n\n\n<h2 class=\"wp-block-heading\">Cr\u00e9er autrement, avec le c\u0153ur<\/h2>\n\n\n\n<p>Chose Simple est bien plus qu\u2019une marque de v\u00eatements. C\u2019est un hommage \u00e0 l\u2019artisanat, aux savoir-faire parfois oubli\u00e9s ou invisibles, et \u00e0 l\u2019humain derri\u00e8re chaque cr\u00e9ation. Chaque pi\u00e8ce, qu\u2019il s\u2019agisse de v\u00eatement, de bijou, d\u2019objet d\u2019art ou de vaisselle artisanale, est le fruit d\u2019un travail minutieux, d\u2019un temps consacr\u00e9 \u00e0 bien faire, et d\u2019un respect profond pour le geste.<\/p>\n\n\n\n<h2 class=\"wp-block-heading\">Derri\u00e8re chaque pi\u00e8ce, une histoire<\/h2>\n\n\n\n<p>Sans formation en mode, mais avec une d\u00e9termination intacte, j\u2019ai voulu cr\u00e9er une marque sinc\u00e8re, color\u00e9e et accessible, qui parle \u00e0 celles et ceux qui valorisent la beaut\u00e9 du fait-main et la simplicit\u00e9 des belles choses. Chez Chose Simple, nous croyons qu\u2019il n\u2019y a rien de plus fort qu\u2019une histoire authentique port\u00e9e avec humilit\u00e9.<\/p>\n","protected":false},"excerpt":{"rendered":"<p>Repenser la cr\u00e9ation, autrement Chose Simple&nbsp;est n\u00e9e d\u2019un apprentissage, d\u2019un voyage, et d\u2019une passion profonde pour la mode et l\u2019artisanat. Tout a commenc\u00e9 avec une surchemise en Kente. \u00c0 l\u2019\u00e9poque, je d\u00e9couvrais la couture aux c\u00f4t\u00e9s d\u2019une couturi\u00e8re exp\u00e9riment\u00e9e qui m\u2019a aid\u00e9 \u00e0 r\u00e9aliser les premiers prototypes. Elle me r\u00e9p\u00e9tait souvent que nous commencions par [&hellip;]<\/p>\n","protected":false},"author":1,"featured_media":0,"parent":0,"menu_order":0,"comment_status":"closed","ping_status":"closed","template":"","meta":{"footnotes":""},"class_list":["post-398","page","type-page","status-publish","hentry"],"jetpack_sharing_enabled":true,"_links":{"self":[{"href":"https:\/\/chosesimple.com\/index.php?rest_route=\/wp\/v2\/pages\/398","targetHints":{"allow":["GET"]}}],"collection":[{"href":"https:\/\/chosesimple.com\/index.php?rest_route=\/wp\/v2\/pages"}],"about":[{"href":"https:\/\/chosesimple.com\/index.php?rest_route=\/wp\/v2\/types\/page"}],"author":[{"embeddable":true,"href":"https:\/\/chosesimple.com\/index.php?rest_route=\/wp\/v2\/users\/1"}],"replies":[{"embeddable":true,"href":"https:\/\/chosesimple.com\/index.php?rest_route=%2Fwp%2Fv2%2Fcomments&post=398"}],"version-history":[{"count":1,"href":"https:\/\/chosesimple.com\/index.php?rest_route=\/wp\/v2\/pages\/398\/revisions"}],"predecessor-version":[{"id":399,"href":"https:\/\/chosesimple.com\/index.php?rest_route=\/wp\/v2\/pages\/398\/revisions\/399"}],"wp:attachment":[{"href":"https:\/\/chosesimple.com\/index.php?rest_route=%2Fwp%2Fv2%2Fmedia&parent=398"}],"curies":[{"name":"wp","href":"https:\/\/api.w.org\/{rel}","templated":true}]}}