{"id":102,"date":"2025-02-07T11:51:41","date_gmt":"2025-02-07T10:51:41","guid":{"rendered":"http:\/\/chosesimple.com\/?post_type=product&#038;p=102"},"modified":"2025-02-07T11:51:41","modified_gmt":"2025-02-07T10:51:41","slug":"lhomme-au-seau-kpalime-togo","status":"publish","type":"product","link":"https:\/\/chosesimple.com\/?product=lhomme-au-seau-kpalime-togo","title":{"rendered":"L\u2019Homme au Seau (Kpalim\u00e9, Togo)"},"content":{"rendered":"<p>Cette peinture \u00e0 l\u2019huile, r\u00e9alis\u00e9e \u00e0 la main par un artiste de Kpalim\u00e9, capture la silhouette d\u2019un homme portant un seau, symbole de travail et de r\u00e9silience. Chaque coup de pinceau retranscrit la simplicit\u00e9 et la force des gestes du quotidien, avec des couleurs chaudes et authentiques.<\/p>\n<p>Peinte avec des pigments naturels sur une toile de qualit\u00e9, cette \u0153uvre unique apporte une touche culturelle et artistique \u00e0 tout int\u00e9rieur.<\/p>\n<p>\ud83c\udfa8 <strong>Mat\u00e9riaux<\/strong> : Peinture \u00e0 l\u2019huile sur toile<br \/>\n\ud83c\udf0d <strong>Origine<\/strong> : Fabrication artisanale \u00e0 Kpalim\u00e9, Togo<br \/>\n\ud83d\udd90 <strong>Pi\u00e8ce unique<\/strong> : Chaque tableau est peint \u00e0 la main<\/p>\n<p>Ajoutez une \u0153uvre empreinte de tradition et d\u2019authenticit\u00e9 \u00e0 votre espace !<\/p>\n","protected":false},"excerpt":{"rendered":"<p>Une sc\u00e8ne de vie simple et puissante : un homme portant un seau, symbole de travail et de quotidien. Peinte \u00e0 la main avec des pigments naturels, cette \u0153uvre authentique enrichit votre d\u00e9coration.<\/p>\n<p>\ud83c\udf0d <strong>Origine<\/strong> : Togo | \ud83c\udfa8 <strong>Mat\u00e9riau<\/strong> : Huile sur toile<\/p>\n<p>Apportez une touche d\u2019art et de tradition \u00e0 votre int\u00e9rieur !<\/p>\n","protected":false},"featured_media":87,"comment_status":"open","ping_status":"closed","template":"","meta":[],"product_brand":[],"product_cat":[15],"product_tag":[],"class_list":{"0":"post-102","1":"product","2":"type-product","3":"status-publish","4":"has-post-thumbnail","6":"product_cat-arts-chose-simple","8":"first","9":"instock","10":"shipping-taxable","11":"purchasable","12":"product-type-simple"},"jetpack_sharing_enabled":true,"_links":{"self":[{"href":"https:\/\/chosesimple.com\/index.php?rest_route=\/wp\/v2\/product\/102","targetHints":{"allow":["GET"]}}],"collection":[{"href":"https:\/\/chosesimple.com\/index.php?rest_route=\/wp\/v2\/product"}],"about":[{"href":"https:\/\/chosesimple.com\/index.php?rest_route=\/wp\/v2\/types\/product"}],"replies":[{"embeddable":true,"href":"https:\/\/chosesimple.com\/index.php?rest_route=%2Fwp%2Fv2%2Fcomments&post=102"}],"wp:featuredmedia":[{"embeddable":true,"href":"https:\/\/chosesimple.com\/index.php?rest_route=\/wp\/v2\/media\/87"}],"wp:attachment":[{"href":"https:\/\/chosesimple.com\/index.php?rest_route=%2Fwp%2Fv2%2Fmedia&parent=102"}],"wp:term":[{"taxonomy":"product_brand","embeddable":true,"href":"https:\/\/chosesimple.com\/index.php?rest_route=%2Fwp%2Fv2%2Fproduct_brand&post=102"},{"taxonomy":"product_cat","embeddable":true,"href":"https:\/\/chosesimple.com\/index.php?rest_route=%2Fwp%2Fv2%2Fproduct_cat&post=102"},{"taxonomy":"product_tag","embeddable":true,"href":"https:\/\/chosesimple.com\/index.php?rest_route=%2Fwp%2Fv2%2Fproduct_tag&post=102"}],"curies":[{"name":"wp","href":"https:\/\/api.w.org\/{rel}","templated":true}]}}