{"id":105,"date":"2025-02-07T12:20:44","date_gmt":"2025-02-07T11:20:44","guid":{"rendered":"http:\/\/chosesimple.com\/?post_type=product&#038;p=105"},"modified":"2025-03-31T15:27:57","modified_gmt":"2025-03-31T13:27:57","slug":"le-pillage-dans-le-mortier-kpalime-togo","status":"publish","type":"product","link":"https:\/\/chosesimple.com\/?product=le-pillage-dans-le-mortier-kpalime-togo","title":{"rendered":"Le Pillage dans le Mortier (Kpalim\u00e9, Togo)"},"content":{"rendered":"<p>Cette peinture \u00e0 l\u2019huile, r\u00e9alis\u00e9e \u00e0 la main par un artiste de Kpalim\u00e9, repr\u00e9sente une personne utilisant un pilon en bois pour piler des aliments dans un mortier. Cet acte, symbolique du travail traditionnel et de la pr\u00e9paration des repas, capture la richesse du quotidien africain. Les couleurs vibrantes et les d\u00e9tails fins de l&#8217;\u0153uvre illustrent la connexion entre l&#8217;homme et la terre, la force et l&#8217;harmonie du travail manuel.<\/p>\n<p>Peinte avec des pigments naturels sur toile, chaque \u0153uvre est unique et ajoutera une touche d&#8217;authenticit\u00e9 et de culture \u00e0 votre int\u00e9rieur.<\/p>\n<p>\ud83c\udfa8 <strong>Mat\u00e9riaux<\/strong> : Peinture \u00e0 l\u2019huile sur toile<br \/>\n\ud83c\udf0d <strong>Origine<\/strong> : Fabrication artisanale \u00e0 Kpalim\u00e9, Togo<br \/>\n\ud83d\udd90 <strong>Pi\u00e8ce unique<\/strong> : Peinte \u00e0 la main, chaque tableau est original<\/p>\n<p>Impr\u00e9gnez votre espace de la richesse de la tradition africaine avec cette \u0153uvre unique !<\/p>\n","protected":false},"excerpt":{"rendered":"<p>Une sc\u00e8ne de travail traditionnel : une personne pilant des aliments dans un mortier \u00e0 l\u2019aide de pilons en bois. Peinte \u00e0 la main avec des pigments naturels, cette \u0153uvre apportera authenticit\u00e9 et chaleur \u00e0 votre d\u00e9coration.<\/p>\n<p>\ud83c\udf0d <strong>Origine<\/strong> : Togo | \ud83c\udfa8 <strong>Mat\u00e9riau<\/strong> : Huile sur toile<\/p>\n<p>Ajoutez une touche d\u2019art traditionnel africain \u00e0 votre int\u00e9rieur !<\/p>\n","protected":false},"featured_media":367,"comment_status":"open","ping_status":"closed","template":"","meta":[],"product_brand":[],"product_cat":[15],"product_tag":[],"class_list":{"0":"post-105","1":"product","2":"type-product","3":"status-publish","4":"has-post-thumbnail","6":"product_cat-arts-chose-simple","8":"first","9":"instock","10":"shipping-taxable","11":"purchasable","12":"product-type-simple"},"jetpack_sharing_enabled":true,"_links":{"self":[{"href":"https:\/\/chosesimple.com\/index.php?rest_route=\/wp\/v2\/product\/105","targetHints":{"allow":["GET"]}}],"collection":[{"href":"https:\/\/chosesimple.com\/index.php?rest_route=\/wp\/v2\/product"}],"about":[{"href":"https:\/\/chosesimple.com\/index.php?rest_route=\/wp\/v2\/types\/product"}],"replies":[{"embeddable":true,"href":"https:\/\/chosesimple.com\/index.php?rest_route=%2Fwp%2Fv2%2Fcomments&post=105"}],"wp:featuredmedia":[{"embeddable":true,"href":"https:\/\/chosesimple.com\/index.php?rest_route=\/wp\/v2\/media\/367"}],"wp:attachment":[{"href":"https:\/\/chosesimple.com\/index.php?rest_route=%2Fwp%2Fv2%2Fmedia&parent=105"}],"wp:term":[{"taxonomy":"product_brand","embeddable":true,"href":"https:\/\/chosesimple.com\/index.php?rest_route=%2Fwp%2Fv2%2Fproduct_brand&post=105"},{"taxonomy":"product_cat","embeddable":true,"href":"https:\/\/chosesimple.com\/index.php?rest_route=%2Fwp%2Fv2%2Fproduct_cat&post=105"},{"taxonomy":"product_tag","embeddable":true,"href":"https:\/\/chosesimple.com\/index.php?rest_route=%2Fwp%2Fv2%2Fproduct_tag&post=105"}],"curies":[{"name":"wp","href":"https:\/\/api.w.org\/{rel}","templated":true}]}}