{"id":106,"date":"2025-02-07T12:25:10","date_gmt":"2025-02-07T11:25:10","guid":{"rendered":"http:\/\/chosesimple.com\/?post_type=product&#038;p=106"},"modified":"2025-03-31T15:26:24","modified_gmt":"2025-03-31T13:26:24","slug":"106","status":"publish","type":"product","link":"https:\/\/chosesimple.com\/?product=106","title":{"rendered":"Vert et Reflets Blancs"},"content":{"rendered":"<p>Cette peinture abstraite, r\u00e9alis\u00e9e \u00e0 l\u2019huile, plonge le spectateur dans un jeu subtil de verts et de verts fonc\u00e9s, o\u00f9 les reflets blancs viennent illuminer et dynamiser la composition. L\u2019\u0153uvre, \u00e0 la fois apaisante et \u00e9nergisante, invite \u00e0 la contemplation et \u00e0 l\u2019interpr\u00e9tation personnelle, avec ses nuances profondes et ses \u00e9clats lumineux qui se m\u00ealent harmonieusement. Id\u00e9ale pour apporter une touche moderne et \u00e9l\u00e9gante \u00e0 tout espace.<\/p>\n<p>\ud83c\udfa8 <strong>Mat\u00e9riaux<\/strong> : Peinture \u00e0 l\u2019huile sur toile<br \/>\n\ud83c\udf0d <strong>Origine<\/strong> : Fabrication artisanale<\/p>\n<p>Un parfait m\u00e9lange de calme et de mouvement pour sublimer votre int\u00e9rieur avec une touche d\u2019art contemporain.<\/p>\n","protected":false},"excerpt":{"rendered":"<p>Une composition abstraite de verts profonds et de reflets blancs qui dynamisent l\u2019espace. Peinte \u00e0 la main, cette \u0153uvre moderne apporte une touche \u00e9l\u00e9gante et contemporaine \u00e0 votre int\u00e9rieur.<\/p>\n<p>\ud83c\udf0d <strong>Origine<\/strong> : Art artisanal | \ud83c\udfa8 <strong>Mat\u00e9riau<\/strong> : Huile sur toile<\/p>\n<p>Ajoutez une touche de sophistication moderne \u00e0 votre d\u00e9coration !<\/p>\n","protected":false},"featured_media":366,"comment_status":"open","ping_status":"closed","template":"","meta":[],"product_brand":[],"product_cat":[15],"product_tag":[],"class_list":{"0":"post-106","1":"product","2":"type-product","3":"status-publish","4":"has-post-thumbnail","6":"product_cat-arts-chose-simple","8":"first","9":"instock","10":"shipping-taxable","11":"purchasable","12":"product-type-simple"},"jetpack_sharing_enabled":true,"_links":{"self":[{"href":"https:\/\/chosesimple.com\/index.php?rest_route=\/wp\/v2\/product\/106","targetHints":{"allow":["GET"]}}],"collection":[{"href":"https:\/\/chosesimple.com\/index.php?rest_route=\/wp\/v2\/product"}],"about":[{"href":"https:\/\/chosesimple.com\/index.php?rest_route=\/wp\/v2\/types\/product"}],"replies":[{"embeddable":true,"href":"https:\/\/chosesimple.com\/index.php?rest_route=%2Fwp%2Fv2%2Fcomments&post=106"}],"wp:featuredmedia":[{"embeddable":true,"href":"https:\/\/chosesimple.com\/index.php?rest_route=\/wp\/v2\/media\/366"}],"wp:attachment":[{"href":"https:\/\/chosesimple.com\/index.php?rest_route=%2Fwp%2Fv2%2Fmedia&parent=106"}],"wp:term":[{"taxonomy":"product_brand","embeddable":true,"href":"https:\/\/chosesimple.com\/index.php?rest_route=%2Fwp%2Fv2%2Fproduct_brand&post=106"},{"taxonomy":"product_cat","embeddable":true,"href":"https:\/\/chosesimple.com\/index.php?rest_route=%2Fwp%2Fv2%2Fproduct_cat&post=106"},{"taxonomy":"product_tag","embeddable":true,"href":"https:\/\/chosesimple.com\/index.php?rest_route=%2Fwp%2Fv2%2Fproduct_tag&post=106"}],"curies":[{"name":"wp","href":"https:\/\/api.w.org\/{rel}","templated":true}]}}