{"id":107,"date":"2025-02-07T12:36:24","date_gmt":"2025-02-07T11:36:24","guid":{"rendered":"http:\/\/chosesimple.com\/?post_type=product&#038;p=107"},"modified":"2025-02-07T12:36:24","modified_gmt":"2025-02-07T11:36:24","slug":"vert-noir-et-touches-de-couleurs","status":"publish","type":"product","link":"https:\/\/chosesimple.com\/?product=vert-noir-et-touches-de-couleurs","title":{"rendered":"Vert, Noir, et Touches de Couleurs"},"content":{"rendered":"<p>Cette peinture abstraite \u00e0 l\u2019huile m\u00eale un fond vert intense, rehauss\u00e9 de traits noirs cr\u00e9ant un quadrillage irr\u00e9gulier, et ponctu\u00e9e de touches de bleu, de rose et de blanc. Cette composition dynamique joue sur les contrastes et l\u2019harmonie des couleurs, invitant \u00e0 l\u2019interpr\u00e9tation tout en apportant une \u00e9nergie vibrante \u00e0 votre espace. L&#8217;\u0153uvre s\u2019inscrit parfaitement dans une d\u00e9coration moderne et audacieuse.<\/p>\n<p>\ud83c\udfa8 <strong>Mat\u00e9riaux<\/strong> : Peinture \u00e0 l\u2019huile sur toile<br \/>\n\ud83c\udf0d <strong>Origine<\/strong> : Fabrication artisanale<\/p>\n<p>Une \u0153uvre unique pour transformer votre int\u00e9rieur avec une explosion de couleurs et de formes.<\/p>\n","protected":false},"excerpt":{"rendered":"<p>Une \u0153uvre abstraite alliant vert, traits noirs, et touches de bleu, rose et blanc, cr\u00e9ant un quadrillage irr\u00e9gulier. Peinte \u00e0 la main, cette pi\u00e8ce audacieuse et moderne apporte de l\u2019\u00e9nergie \u00e0 votre d\u00e9coration.<\/p>\n<p>\ud83c\udf0d <strong>Origine<\/strong> : Art artisanal | \ud83c\udfa8 <strong>Mat\u00e9riau<\/strong> : Huile sur toile<\/p>\n<p>Ajoutez une touche de couleur et de modernit\u00e9 \u00e0 votre int\u00e9rieur !<\/p>\n","protected":false},"featured_media":93,"comment_status":"open","ping_status":"closed","template":"","meta":[],"product_brand":[],"product_cat":[15],"product_tag":[],"class_list":{"0":"post-107","1":"product","2":"type-product","3":"status-publish","4":"has-post-thumbnail","6":"product_cat-arts-chose-simple","8":"first","9":"instock","10":"shipping-taxable","11":"purchasable","12":"product-type-simple"},"jetpack_sharing_enabled":true,"_links":{"self":[{"href":"https:\/\/chosesimple.com\/index.php?rest_route=\/wp\/v2\/product\/107","targetHints":{"allow":["GET"]}}],"collection":[{"href":"https:\/\/chosesimple.com\/index.php?rest_route=\/wp\/v2\/product"}],"about":[{"href":"https:\/\/chosesimple.com\/index.php?rest_route=\/wp\/v2\/types\/product"}],"replies":[{"embeddable":true,"href":"https:\/\/chosesimple.com\/index.php?rest_route=%2Fwp%2Fv2%2Fcomments&post=107"}],"wp:featuredmedia":[{"embeddable":true,"href":"https:\/\/chosesimple.com\/index.php?rest_route=\/wp\/v2\/media\/93"}],"wp:attachment":[{"href":"https:\/\/chosesimple.com\/index.php?rest_route=%2Fwp%2Fv2%2Fmedia&parent=107"}],"wp:term":[{"taxonomy":"product_brand","embeddable":true,"href":"https:\/\/chosesimple.com\/index.php?rest_route=%2Fwp%2Fv2%2Fproduct_brand&post=107"},{"taxonomy":"product_cat","embeddable":true,"href":"https:\/\/chosesimple.com\/index.php?rest_route=%2Fwp%2Fv2%2Fproduct_cat&post=107"},{"taxonomy":"product_tag","embeddable":true,"href":"https:\/\/chosesimple.com\/index.php?rest_route=%2Fwp%2Fv2%2Fproduct_tag&post=107"}],"curies":[{"name":"wp","href":"https:\/\/api.w.org\/{rel}","templated":true}]}}