{"id":108,"date":"2025-02-07T12:40:04","date_gmt":"2025-02-07T11:40:04","guid":{"rendered":"http:\/\/chosesimple.com\/?post_type=product&#038;p=108"},"modified":"2025-02-07T12:40:04","modified_gmt":"2025-02-07T11:40:04","slug":"vert-noir-et-touches-de-violet","status":"publish","type":"product","link":"https:\/\/chosesimple.com\/?product=vert-noir-et-touches-de-violet","title":{"rendered":"Vert, Noir et Touches de Violet"},"content":{"rendered":"<p>Cette peinture abstraite \u00e0 l\u2019huile explore une palette de verts profonds et de noirs intenses, avec des touches vibrantes de violet qui ajoutent de la profondeur et de la dimension \u00e0 l&#8217;ensemble. Le contraste entre les couleurs froides et les \u00e9clats de violet cr\u00e9e un jeu visuel captivant, invitant \u00e0 l&#8217;interpr\u00e9tation. L&#8217;\u0153uvre, \u00e0 la fois \u00e9nergique et apaisante, apportera une touche moderne et raffin\u00e9e \u00e0 tout espace contemporain.<\/p>\n<p>\ud83c\udfa8 <strong>Mat\u00e9riaux<\/strong> : Peinture \u00e0 l\u2019huile sur toile<br \/>\n\ud83c\udf0d <strong>Origine<\/strong> : Fabrication artisanale<\/p>\n<p>Une \u0153uvre abstraite unique pour une d\u00e9coration pleine de caract\u00e8re et de couleur.<\/p>\n","protected":false},"excerpt":{"rendered":"<p>Une composition abstraite m\u00ealant verts profonds, noirs et \u00e9clats de violet, apportant \u00e0 votre espace une touche moderne et color\u00e9e. Peinte \u00e0 la main avec des pigments naturels.<\/p>\n<p>\ud83c\udf0d <strong>Origine<\/strong> : Art artisanal | \ud83c\udfa8 <strong>Mat\u00e9riau<\/strong> : Huile sur toile<\/p>\n<p>Ajoutez une touche vibrante et \u00e9l\u00e9gante \u00e0 votre int\u00e9rieur !<\/p>\n","protected":false},"featured_media":94,"comment_status":"open","ping_status":"closed","template":"","meta":[],"product_brand":[],"product_cat":[15],"product_tag":[],"class_list":{"0":"post-108","1":"product","2":"type-product","3":"status-publish","4":"has-post-thumbnail","6":"product_cat-arts-chose-simple","8":"first","9":"instock","10":"shipping-taxable","11":"purchasable","12":"product-type-simple"},"jetpack_sharing_enabled":true,"_links":{"self":[{"href":"https:\/\/chosesimple.com\/index.php?rest_route=\/wp\/v2\/product\/108","targetHints":{"allow":["GET"]}}],"collection":[{"href":"https:\/\/chosesimple.com\/index.php?rest_route=\/wp\/v2\/product"}],"about":[{"href":"https:\/\/chosesimple.com\/index.php?rest_route=\/wp\/v2\/types\/product"}],"replies":[{"embeddable":true,"href":"https:\/\/chosesimple.com\/index.php?rest_route=%2Fwp%2Fv2%2Fcomments&post=108"}],"wp:featuredmedia":[{"embeddable":true,"href":"https:\/\/chosesimple.com\/index.php?rest_route=\/wp\/v2\/media\/94"}],"wp:attachment":[{"href":"https:\/\/chosesimple.com\/index.php?rest_route=%2Fwp%2Fv2%2Fmedia&parent=108"}],"wp:term":[{"taxonomy":"product_brand","embeddable":true,"href":"https:\/\/chosesimple.com\/index.php?rest_route=%2Fwp%2Fv2%2Fproduct_brand&post=108"},{"taxonomy":"product_cat","embeddable":true,"href":"https:\/\/chosesimple.com\/index.php?rest_route=%2Fwp%2Fv2%2Fproduct_cat&post=108"},{"taxonomy":"product_tag","embeddable":true,"href":"https:\/\/chosesimple.com\/index.php?rest_route=%2Fwp%2Fv2%2Fproduct_tag&post=108"}],"curies":[{"name":"wp","href":"https:\/\/api.w.org\/{rel}","templated":true}]}}