{"id":113,"date":"2025-02-07T15:18:28","date_gmt":"2025-02-07T14:18:28","guid":{"rendered":"http:\/\/chosesimple.com\/?post_type=product&#038;p=113"},"modified":"2025-02-07T15:18:29","modified_gmt":"2025-02-07T14:18:29","slug":"un-style-audacieux-kpalime-togo","status":"publish","type":"product","link":"https:\/\/chosesimple.com\/?product=un-style-audacieux-kpalime-togo","title":{"rendered":"Un Style Audacieux (Kpalim\u00e9, Togo)"},"content":{"rendered":"<p>Cette peinture \u00e0 l&#8217;huile repr\u00e9sente une personne tendant un arc avec une d\u00e9termination palpable, dans une posture empreinte de puissance. Le v\u00eatement qu&#8217;elle porte, orn\u00e9 d&#8217;un motif quadrill\u00e9 vert pomme, est directement inspir\u00e9 de notre collection, alliant mode moderne et h\u00e9ritage culturel. Le contraste entre la vivacit\u00e9 des couleurs et la force tranquille de la pose cr\u00e9e une dynamique captivante, symbolisant la fusion de la tradition et de l&#8217;innovation. Un hommage \u00e0 la f\u00e9minit\u00e9 et \u00e0 la r\u00e9silience, cette \u0153uvre apportera une touche d&#8217;audace et de raffinement \u00e0 votre d\u00e9coration.<\/p>\n<p>\ud83c\udfa8 <strong>Mat\u00e9riaux<\/strong> : Peinture \u00e0 l\u2019huile sur toile<br \/>\n\ud83c\udf0d <strong>Origine<\/strong> : Fabrication artisanale<\/p>\n<p>Ajoutez une touche de Chose Simple \u00e0 votre int\u00e9rieur !<\/p>\n","protected":false},"excerpt":{"rendered":"<p>Une silhouette puissante, pr\u00eate \u00e0 lib\u00e9rer sa fl\u00e8che, v\u00eatue d&#8217;un v\u00eatement au motif quadrill\u00e9 vert pomme. Cette peinture \u00e0 l\u2019huile incarne force et style, une \u0153uvre qui allie audace et tradition.<\/p>\n<div class=\"woocommerce-product-details__short-description\">\n<p>\ud83c\udf0d <strong>Origine<\/strong> : Art artisanal | \ud83c\udfa8 <strong>Mat\u00e9riau<\/strong> : Huile sur toile<\/p>\n<p>Ajoutez une touche de Chose Simple \u00e0 votre int\u00e9rieur !<\/p>\n<\/div>\n","protected":false},"featured_media":116,"comment_status":"open","ping_status":"closed","template":"","meta":[],"product_brand":[],"product_cat":[15],"product_tag":[],"class_list":{"0":"post-113","1":"product","2":"type-product","3":"status-publish","4":"has-post-thumbnail","6":"product_cat-arts-chose-simple","8":"first","9":"instock","10":"shipping-taxable","11":"purchasable","12":"product-type-simple"},"jetpack_sharing_enabled":true,"_links":{"self":[{"href":"https:\/\/chosesimple.com\/index.php?rest_route=\/wp\/v2\/product\/113","targetHints":{"allow":["GET"]}}],"collection":[{"href":"https:\/\/chosesimple.com\/index.php?rest_route=\/wp\/v2\/product"}],"about":[{"href":"https:\/\/chosesimple.com\/index.php?rest_route=\/wp\/v2\/types\/product"}],"replies":[{"embeddable":true,"href":"https:\/\/chosesimple.com\/index.php?rest_route=%2Fwp%2Fv2%2Fcomments&post=113"}],"wp:featuredmedia":[{"embeddable":true,"href":"https:\/\/chosesimple.com\/index.php?rest_route=\/wp\/v2\/media\/116"}],"wp:attachment":[{"href":"https:\/\/chosesimple.com\/index.php?rest_route=%2Fwp%2Fv2%2Fmedia&parent=113"}],"wp:term":[{"taxonomy":"product_brand","embeddable":true,"href":"https:\/\/chosesimple.com\/index.php?rest_route=%2Fwp%2Fv2%2Fproduct_brand&post=113"},{"taxonomy":"product_cat","embeddable":true,"href":"https:\/\/chosesimple.com\/index.php?rest_route=%2Fwp%2Fv2%2Fproduct_cat&post=113"},{"taxonomy":"product_tag","embeddable":true,"href":"https:\/\/chosesimple.com\/index.php?rest_route=%2Fwp%2Fv2%2Fproduct_tag&post=113"}],"curies":[{"name":"wp","href":"https:\/\/api.w.org\/{rel}","templated":true}]}}