{"id":127,"date":"2025-02-07T15:51:24","date_gmt":"2025-02-07T14:51:24","guid":{"rendered":"http:\/\/chosesimple.com\/?post_type=product&#038;p=127"},"modified":"2025-04-16T17:31:20","modified_gmt":"2025-04-16T15:31:20","slug":"harmonie-en-abstraction","status":"publish","type":"product","link":"https:\/\/chosesimple.com\/?product=harmonie-en-abstraction","title":{"rendered":"Harmonie en Abstraction"},"content":{"rendered":"<p>Cette peinture \u00e0 l\u2019huile, r\u00e9alis\u00e9e \u00e0 la main, explore les subtilit\u00e9s de l\u2019abstraction \u00e0 travers des teintes profondes de bleu, enrichies de touches de noir et de blanc. Les formes fluides et les contrastes saisissants cr\u00e9ent une dynamique visuelle qui stimule l\u2019imagination. L\u2019\u0153uvre \u00e9voque une sensation de calme, tout en laissant place \u00e0 l\u2019interpr\u00e9tation personnelle de chaque spectateur. Parfaite pour ajouter de la profondeur et de l\u2019\u00e9l\u00e9gance \u00e0 un int\u00e9rieur moderne, cette peinture invite \u00e0 la contemplation.<\/p>\n<p>\ud83c\udfa8 Mat\u00e9riaux : Peinture \u00e0 l\u2019huile sur toile<br \/>\n\ud83c\udf0d Origine : Fabrication artisanale<\/p>\n<p>Apportez une explosion de couleurs et d\u2019\u00e9motions \u00e0 votre espace avec cette \u0153uvre unique.<\/p>\n","protected":false},"excerpt":{"rendered":"<p>Une composition abstraite aux nuances de bleu, avec des touches de noir et de blanc. Cette peinture \u00e0 l\u2019huile invite \u00e0 l\u2019\u00e9motion et \u00e0 la r\u00e9flexion.<\/p>\n<p>\ud83c\udfa8 Mat\u00e9riaux : Peinture \u00e0 l\u2019huile sur toile<br \/>\n\ud83c\udf0d Origine : Fabrication artisanale<\/p>\n<p>Apportez une explosion de couleurs et d\u2019\u00e9motions \u00e0 votre espace avec cette \u0153uvre unique.<\/p>\n","protected":false},"featured_media":439,"comment_status":"open","ping_status":"closed","template":"","meta":[],"product_brand":[],"product_cat":[15],"product_tag":[],"class_list":{"0":"post-127","1":"product","2":"type-product","3":"status-publish","4":"has-post-thumbnail","6":"product_cat-arts-chose-simple","8":"first","9":"instock","10":"shipping-taxable","11":"purchasable","12":"product-type-simple"},"jetpack_sharing_enabled":true,"_links":{"self":[{"href":"https:\/\/chosesimple.com\/index.php?rest_route=\/wp\/v2\/product\/127","targetHints":{"allow":["GET"]}}],"collection":[{"href":"https:\/\/chosesimple.com\/index.php?rest_route=\/wp\/v2\/product"}],"about":[{"href":"https:\/\/chosesimple.com\/index.php?rest_route=\/wp\/v2\/types\/product"}],"replies":[{"embeddable":true,"href":"https:\/\/chosesimple.com\/index.php?rest_route=%2Fwp%2Fv2%2Fcomments&post=127"}],"wp:featuredmedia":[{"embeddable":true,"href":"https:\/\/chosesimple.com\/index.php?rest_route=\/wp\/v2\/media\/439"}],"wp:attachment":[{"href":"https:\/\/chosesimple.com\/index.php?rest_route=%2Fwp%2Fv2%2Fmedia&parent=127"}],"wp:term":[{"taxonomy":"product_brand","embeddable":true,"href":"https:\/\/chosesimple.com\/index.php?rest_route=%2Fwp%2Fv2%2Fproduct_brand&post=127"},{"taxonomy":"product_cat","embeddable":true,"href":"https:\/\/chosesimple.com\/index.php?rest_route=%2Fwp%2Fv2%2Fproduct_cat&post=127"},{"taxonomy":"product_tag","embeddable":true,"href":"https:\/\/chosesimple.com\/index.php?rest_route=%2Fwp%2Fv2%2Fproduct_tag&post=127"}],"curies":[{"name":"wp","href":"https:\/\/api.w.org\/{rel}","templated":true}]}}