{"id":128,"date":"2025-02-07T15:55:04","date_gmt":"2025-02-07T14:55:04","guid":{"rendered":"http:\/\/chosesimple.com\/?post_type=product&#038;p=128"},"modified":"2025-02-07T15:55:04","modified_gmt":"2025-02-07T14:55:04","slug":"lart-de-cuisiner-kpalime-togo","status":"publish","type":"product","link":"https:\/\/chosesimple.com\/?product=lart-de-cuisiner-kpalime-togo","title":{"rendered":"L&#8217;Art de Cuisiner (Kpalim\u00e9, Togo)"},"content":{"rendered":"<p>Cette peinture \u00e0 l\u2019huile, r\u00e9alis\u00e9e \u00e0 la main, capture une sc\u00e8ne chaleureuse d&#8217;une femme en train de cuisiner. Elle porte une tenue rouge vibrante, inspir\u00e9e de notre collection, qui ajoute une touche de modernit\u00e9 et de sophistication \u00e0 ce moment quotidien. Les couleurs riches et les d\u00e9tails soign\u00e9s de l\u2019\u0153uvre cr\u00e9ent une atmosph\u00e8re vivante et inspirante, mettant en lumi\u00e8re la passion et l\u2019art de la cuisine. Id\u00e9ale pour apporter une note de chaleur et d\u2019\u00e9l\u00e9gance \u00e0 toute cuisine ou salle \u00e0 manger.<\/p>\n<p>\ud83c\udfa8 Mat\u00e9riaux : Peinture \u00e0 l\u2019huile sur toile<br \/>\n\ud83c\udf0d Origine : Fabrication artisanale<\/p>\n<p>Ajoutez une touche de vie et de passion \u00e0 votre int\u00e9rieur avec cette \u0153uvre unique.<\/p>\n","protected":false},"excerpt":{"rendered":"<p>Une femme en pleine pr\u00e9paration culinaire, v\u00eatue d&#8217;une tenue rouge inspir\u00e9e de notre collection. Cette peinture \u00e0 l\u2019huile incarne la passion et l\u2019\u00e9l\u00e9gance dans le quotidien.<\/p>\n<p>\ud83c\udfa8 Mat\u00e9riaux : Peinture \u00e0 l\u2019huile sur toile<br \/>\n\ud83c\udf0d Origine : Fabrication artisanale<\/p>\n<p>Ajoutez une touche de vie et de passion \u00e0 votre int\u00e9rieur avec cette \u0153uvre unique.<\/p>\n","protected":false},"featured_media":120,"comment_status":"open","ping_status":"closed","template":"","meta":[],"product_brand":[],"product_cat":[15],"product_tag":[],"class_list":{"0":"post-128","1":"product","2":"type-product","3":"status-publish","4":"has-post-thumbnail","6":"product_cat-arts-chose-simple","8":"first","9":"instock","10":"shipping-taxable","11":"purchasable","12":"product-type-simple"},"jetpack_sharing_enabled":true,"_links":{"self":[{"href":"https:\/\/chosesimple.com\/index.php?rest_route=\/wp\/v2\/product\/128","targetHints":{"allow":["GET"]}}],"collection":[{"href":"https:\/\/chosesimple.com\/index.php?rest_route=\/wp\/v2\/product"}],"about":[{"href":"https:\/\/chosesimple.com\/index.php?rest_route=\/wp\/v2\/types\/product"}],"replies":[{"embeddable":true,"href":"https:\/\/chosesimple.com\/index.php?rest_route=%2Fwp%2Fv2%2Fcomments&post=128"}],"wp:featuredmedia":[{"embeddable":true,"href":"https:\/\/chosesimple.com\/index.php?rest_route=\/wp\/v2\/media\/120"}],"wp:attachment":[{"href":"https:\/\/chosesimple.com\/index.php?rest_route=%2Fwp%2Fv2%2Fmedia&parent=128"}],"wp:term":[{"taxonomy":"product_brand","embeddable":true,"href":"https:\/\/chosesimple.com\/index.php?rest_route=%2Fwp%2Fv2%2Fproduct_brand&post=128"},{"taxonomy":"product_cat","embeddable":true,"href":"https:\/\/chosesimple.com\/index.php?rest_route=%2Fwp%2Fv2%2Fproduct_cat&post=128"},{"taxonomy":"product_tag","embeddable":true,"href":"https:\/\/chosesimple.com\/index.php?rest_route=%2Fwp%2Fv2%2Fproduct_tag&post=128"}],"curies":[{"name":"wp","href":"https:\/\/api.w.org\/{rel}","templated":true}]}}