{"id":129,"date":"2025-02-07T15:59:09","date_gmt":"2025-02-07T14:59:09","guid":{"rendered":"http:\/\/chosesimple.com\/?post_type=product&#038;p=129"},"modified":"2025-02-07T15:59:37","modified_gmt":"2025-02-07T14:59:37","slug":"lelegance-en-mouvement","status":"publish","type":"product","link":"https:\/\/chosesimple.com\/?product=lelegance-en-mouvement","title":{"rendered":"L&#8217;\u00c9l\u00e9gance en Mouvement (Kpalim\u00e9, Togo)"},"content":{"rendered":"<p>Cette peinture \u00e0 l\u2019huile, r\u00e9alis\u00e9e \u00e0 la main, d\u00e9peint une femme dans un mouvement fluide et d\u00e9termin\u00e9, portant une tenue noire \u00e9l\u00e9gante inspir\u00e9e de notre collection. Le contraste entre la simplicit\u00e9 du noir et la dynamique de la sc\u00e8ne cr\u00e9e une ambiance captivante, pleine de gr\u00e2ce et de force. L\u2019\u0153uvre met en valeur la beaut\u00e9 du mouvement humain, tout en apportant une touche de sophistication intemporelle. Id\u00e9ale pour enrichir un int\u00e9rieur moderne, cette pi\u00e8ce unique respire l\u2019\u00e9l\u00e9gance et la puissance.<\/p>\n<p>\ud83c\udfa8 Mat\u00e9riaux : Peinture \u00e0 l\u2019huile sur toile<br \/>\n\ud83c\udf0d Origine : Fabrication artisanale<\/p>\n<p>Ajoutez une touche de sophistication et de dynamisme \u00e0 votre espace avec cette \u0153uvre unique.<\/p>\n","protected":false},"excerpt":{"rendered":"<p>Une femme en pleine action, v\u00eatue d&#8217;une tenue noire inspir\u00e9e de notre collection. Cette peinture \u00e0 l\u2019huile incarne la gr\u00e2ce et la puissance dans chaque geste.<\/p>\n<p>\ud83c\udfa8 Mat\u00e9riaux : Peinture \u00e0 l\u2019huile sur toile<br \/>\n\ud83c\udf0d Origine : Fabrication artisanale<\/p>\n<p>Ajoutez une touche de sophistication et de dynamisme \u00e0 votre espace avec cette \u0153uvre unique.<\/p>\n","protected":false},"featured_media":121,"comment_status":"open","ping_status":"closed","template":"","meta":[],"product_brand":[],"product_cat":[15],"product_tag":[],"class_list":{"0":"post-129","1":"product","2":"type-product","3":"status-publish","4":"has-post-thumbnail","6":"product_cat-arts-chose-simple","8":"first","9":"instock","10":"shipping-taxable","11":"purchasable","12":"product-type-simple"},"jetpack_sharing_enabled":true,"_links":{"self":[{"href":"https:\/\/chosesimple.com\/index.php?rest_route=\/wp\/v2\/product\/129","targetHints":{"allow":["GET"]}}],"collection":[{"href":"https:\/\/chosesimple.com\/index.php?rest_route=\/wp\/v2\/product"}],"about":[{"href":"https:\/\/chosesimple.com\/index.php?rest_route=\/wp\/v2\/types\/product"}],"replies":[{"embeddable":true,"href":"https:\/\/chosesimple.com\/index.php?rest_route=%2Fwp%2Fv2%2Fcomments&post=129"}],"wp:featuredmedia":[{"embeddable":true,"href":"https:\/\/chosesimple.com\/index.php?rest_route=\/wp\/v2\/media\/121"}],"wp:attachment":[{"href":"https:\/\/chosesimple.com\/index.php?rest_route=%2Fwp%2Fv2%2Fmedia&parent=129"}],"wp:term":[{"taxonomy":"product_brand","embeddable":true,"href":"https:\/\/chosesimple.com\/index.php?rest_route=%2Fwp%2Fv2%2Fproduct_brand&post=129"},{"taxonomy":"product_cat","embeddable":true,"href":"https:\/\/chosesimple.com\/index.php?rest_route=%2Fwp%2Fv2%2Fproduct_cat&post=129"},{"taxonomy":"product_tag","embeddable":true,"href":"https:\/\/chosesimple.com\/index.php?rest_route=%2Fwp%2Fv2%2Fproduct_tag&post=129"}],"curies":[{"name":"wp","href":"https:\/\/api.w.org\/{rel}","templated":true}]}}