{"id":130,"date":"2025-02-07T16:02:56","date_gmt":"2025-02-07T15:02:56","guid":{"rendered":"http:\/\/chosesimple.com\/?post_type=product&#038;p=130"},"modified":"2025-02-07T16:02:56","modified_gmt":"2025-02-07T15:02:56","slug":"le-travail-quotidien-kpalime-togo","status":"publish","type":"product","link":"https:\/\/chosesimple.com\/?product=le-travail-quotidien-kpalime-togo","title":{"rendered":"Le Travail Quotidien (Kpalim\u00e9, Togo)"},"content":{"rendered":"<p>Cette peinture \u00e0 l\u2019huile, r\u00e9alis\u00e9e \u00e0 la main, repr\u00e9sente une femme dans une posture humble, courb\u00e9e pour balayer devant sa case. Sa tenue, inspir\u00e9e de notre collection, allie confort et \u00e9l\u00e9gance tout en \u00e9pousant parfaitement l\u2019action de la sc\u00e8ne. Les couleurs terreuses et les d\u00e9tails subtils apportent une atmosph\u00e8re de calme et de respect pour le travail quotidien. Cette \u0153uvre met en lumi\u00e8re la beaut\u00e9 du quotidien et la dignit\u00e9 de chaque geste, id\u00e9ale pour apporter une touche de simplicit\u00e9 et d\u2019\u00e9l\u00e9gance \u00e0 votre int\u00e9rieur.<\/p>\n<p>\ud83c\udfa8 Mat\u00e9riaux : Peinture \u00e0 l\u2019huile sur toile<br \/>\n\ud83c\udf0d Origine : Fabrication artisanale<\/p>\n<p>Ajoutez une touche de s\u00e9r\u00e9nit\u00e9 et de beaut\u00e9 du quotidien \u00e0 votre espace avec cette \u0153uvre unique.<\/p>\n","protected":false},"excerpt":{"rendered":"<p>Une femme, courb\u00e9e en train de balayer devant sa case, v\u00eatue d&#8217;une tenue inspir\u00e9e de notre collection. Une peinture \u00e0 l\u2019huile qui honore la simplicit\u00e9 et la dignit\u00e9 du travail.<\/p>\n<p>\ud83c\udfa8 Mat\u00e9riaux : Peinture \u00e0 l\u2019huile sur toile<br \/>\n\ud83c\udf0d Origine : Fabrication artisanale<\/p>\n<p>Ajoutez une touche de s\u00e9r\u00e9nit\u00e9 et de beaut\u00e9 du quotidien \u00e0 votre espace avec cette \u0153uvre unique.<\/p>\n","protected":false},"featured_media":122,"comment_status":"open","ping_status":"closed","template":"","meta":[],"product_brand":[],"product_cat":[15],"product_tag":[],"class_list":{"0":"post-130","1":"product","2":"type-product","3":"status-publish","4":"has-post-thumbnail","6":"product_cat-arts-chose-simple","8":"first","9":"instock","10":"shipping-taxable","11":"purchasable","12":"product-type-simple"},"jetpack_sharing_enabled":true,"_links":{"self":[{"href":"https:\/\/chosesimple.com\/index.php?rest_route=\/wp\/v2\/product\/130","targetHints":{"allow":["GET"]}}],"collection":[{"href":"https:\/\/chosesimple.com\/index.php?rest_route=\/wp\/v2\/product"}],"about":[{"href":"https:\/\/chosesimple.com\/index.php?rest_route=\/wp\/v2\/types\/product"}],"replies":[{"embeddable":true,"href":"https:\/\/chosesimple.com\/index.php?rest_route=%2Fwp%2Fv2%2Fcomments&post=130"}],"wp:featuredmedia":[{"embeddable":true,"href":"https:\/\/chosesimple.com\/index.php?rest_route=\/wp\/v2\/media\/122"}],"wp:attachment":[{"href":"https:\/\/chosesimple.com\/index.php?rest_route=%2Fwp%2Fv2%2Fmedia&parent=130"}],"wp:term":[{"taxonomy":"product_brand","embeddable":true,"href":"https:\/\/chosesimple.com\/index.php?rest_route=%2Fwp%2Fv2%2Fproduct_brand&post=130"},{"taxonomy":"product_cat","embeddable":true,"href":"https:\/\/chosesimple.com\/index.php?rest_route=%2Fwp%2Fv2%2Fproduct_cat&post=130"},{"taxonomy":"product_tag","embeddable":true,"href":"https:\/\/chosesimple.com\/index.php?rest_route=%2Fwp%2Fv2%2Fproduct_tag&post=130"}],"curies":[{"name":"wp","href":"https:\/\/api.w.org\/{rel}","templated":true}]}}