{"id":131,"date":"2025-02-07T16:16:33","date_gmt":"2025-02-07T15:16:33","guid":{"rendered":"http:\/\/chosesimple.com\/?post_type=product&#038;p=131"},"modified":"2025-04-16T15:33:49","modified_gmt":"2025-04-16T13:33:49","slug":"le-rythme-de-la-vie-kpalime-togo","status":"publish","type":"product","link":"https:\/\/chosesimple.com\/?product=le-rythme-de-la-vie-kpalime-togo","title":{"rendered":"Le Rythme de la Vie (Kpalim\u00e9, Togo)"},"content":{"rendered":"<p>Cette peinture \u00e0 l\u2019huile, r\u00e9alis\u00e9e \u00e0 la main, capture l\u2019\u00e9nergie et la passion d\u2019un homme jouant des percussions avec ses mains. Sa tenue, inspir\u00e9e de notre collection, apporte une touche d\u2019\u00e9l\u00e9gance et de modernit\u00e9 \u00e0 cette sc\u00e8ne intemporelle. Le mouvement de ses mains, les couleurs dynamiques et les jeux d\u2019ombre cr\u00e9ent une atmosph\u00e8re rythm\u00e9e et immersive, refl\u00e9tant la puissance de la musique et son r\u00f4le essentiel dans la culture. Une \u0153uvre id\u00e9ale pour insuffler dynamisme et authenticit\u00e9 \u00e0 votre int\u00e9rieur.<\/p>\n<p>\ud83c\udfa8 Mat\u00e9riaux : Peinture \u00e0 l\u2019huile sur toile<br \/>\n\ud83c\udf0d Origine : Fabrication artisanale<\/p>\n<p>Faites entrer le rythme et l\u2019\u00e9motion dans votre espace avec cette \u0153uvre unique.<\/p>\n","protected":false},"excerpt":{"rendered":"<p>Un homme en pleine harmonie avec son instrument, jouant des percussions \u00e0 mains nues, v\u00eatu d&#8217;une tenue inspir\u00e9e de notre collection. Une peinture \u00e0 l\u2019huile vibrante qui c\u00e9l\u00e8bre la musique et la tradition.<\/p>\n<p>\ud83c\udfa8 Mat\u00e9riaux : Peinture \u00e0 l\u2019huile sur toile<br \/>\n\ud83c\udf0d Origine : Fabrication artisanale<\/p>\n<p>Faites entrer le rythme et l\u2019\u00e9motion dans votre espace avec cette \u0153uvre unique.<\/p>\n","protected":false},"featured_media":426,"comment_status":"open","ping_status":"closed","template":"","meta":[],"product_brand":[],"product_cat":[15],"product_tag":[],"class_list":{"0":"post-131","1":"product","2":"type-product","3":"status-publish","4":"has-post-thumbnail","6":"product_cat-arts-chose-simple","8":"first","9":"instock","10":"shipping-taxable","11":"purchasable","12":"product-type-simple"},"jetpack_sharing_enabled":true,"_links":{"self":[{"href":"https:\/\/chosesimple.com\/index.php?rest_route=\/wp\/v2\/product\/131","targetHints":{"allow":["GET"]}}],"collection":[{"href":"https:\/\/chosesimple.com\/index.php?rest_route=\/wp\/v2\/product"}],"about":[{"href":"https:\/\/chosesimple.com\/index.php?rest_route=\/wp\/v2\/types\/product"}],"replies":[{"embeddable":true,"href":"https:\/\/chosesimple.com\/index.php?rest_route=%2Fwp%2Fv2%2Fcomments&post=131"}],"wp:featuredmedia":[{"embeddable":true,"href":"https:\/\/chosesimple.com\/index.php?rest_route=\/wp\/v2\/media\/426"}],"wp:attachment":[{"href":"https:\/\/chosesimple.com\/index.php?rest_route=%2Fwp%2Fv2%2Fmedia&parent=131"}],"wp:term":[{"taxonomy":"product_brand","embeddable":true,"href":"https:\/\/chosesimple.com\/index.php?rest_route=%2Fwp%2Fv2%2Fproduct_brand&post=131"},{"taxonomy":"product_cat","embeddable":true,"href":"https:\/\/chosesimple.com\/index.php?rest_route=%2Fwp%2Fv2%2Fproduct_cat&post=131"},{"taxonomy":"product_tag","embeddable":true,"href":"https:\/\/chosesimple.com\/index.php?rest_route=%2Fwp%2Fv2%2Fproduct_tag&post=131"}],"curies":[{"name":"wp","href":"https:\/\/api.w.org\/{rel}","templated":true}]}}