{"id":136,"date":"2025-02-07T18:12:09","date_gmt":"2025-02-07T17:12:09","guid":{"rendered":"http:\/\/chosesimple.com\/?post_type=product&#038;p=136"},"modified":"2026-04-22T23:12:05","modified_gmt":"2026-04-22T21:12:05","slug":"surchemise-mixte-kente-bleue","status":"publish","type":"product","link":"https:\/\/chosesimple.com\/?product=surchemise-mixte-kente-bleue","title":{"rendered":"Surchemise Mixte Kente Bleue"},"content":{"rendered":"<p>Cette surchemise en Kente est une v\u00e9ritable fusion de savoir-faire et de culture. Le tissu, tiss\u00e9 \u00e0 la main au Ghana sur des m\u00e9tiers \u00e0 tisser traditionnels, a \u00e9t\u00e9 sp\u00e9cialement con\u00e7u pour cette capsule exclusive. Chaque pi\u00e8ce est fabriqu\u00e9e avec soin \u00e0 Lom\u00e9, Togo, dans un petit atelier artisanal o\u00f9 la qualit\u00e9 et l\u2019authenticit\u00e9 sont au c\u0153ur de chaque cr\u00e9ation. Les boutons, provenant de Bernaville (80), en France, apportent une touche unique et \u00e9l\u00e9gante \u00e0 ce v\u00eatement. Pens\u00e9e pour \u00eatre inclusive, cette premi\u00e8re capsule est disponible dans une large gamme de tailles, afin que chacun puisse en profiter. Un m\u00e9lange parfait de tradition, d\u2019artisanat et de modernit\u00e9, pour un style unique et engag\u00e9.<\/p>\n<p>\ud83c\udfa8 <strong>Mat\u00e9riaux :<\/strong> Kente tiss\u00e9 \u00e0 la main, boutons Made in France en corozo recycl\u00e9,<br \/>\n\ud83c\udf0d <strong>Origine :<\/strong> Tiss\u00e9 au Ghana, fabriqu\u00e9 et assembl\u00e9 \u00e0 Lom\u00e9, Togo<br \/>\n\ud83e\uddf5 <strong>Fabrication artisanale :<\/strong> Atelier local d\u00e9di\u00e9 \u00e0 la qualit\u00e9<\/p>\n<p>Ajoutez une touche de culture et de raffinement \u00e0 votre style avec cette surchemise unique.<\/p>\n<p>Paula (1m68, 55kgs) porte une taille M, Pierre (1m78, 75kgs) porte une taille M.<\/p>\n","protected":false},"excerpt":{"rendered":"<p>Une surchemise unique en Kente, tiss\u00e9e au Ghana et fabriqu\u00e9e \u00e0 Lom\u00e9, Togo, avec des boutons Made in France. Une pi\u00e8ce artisanale, \u00e9l\u00e9gante et inclusive, parfaite pour ajouter une touche de culture et de raffinement \u00e0 votre garde-robe.<\/p>\n","protected":false},"featured_media":137,"comment_status":"open","ping_status":"closed","template":"","meta":[],"product_brand":[],"product_cat":[16],"product_tag":[22],"class_list":{"0":"post-136","1":"product","2":"type-product","3":"status-publish","4":"has-post-thumbnail","6":"product_cat-vetements-chose-simple","7":"product_tag-surchemises-chose-simple","9":"first","10":"instock","11":"shipping-taxable","12":"purchasable","13":"product-type-variable"},"jetpack_sharing_enabled":true,"_links":{"self":[{"href":"https:\/\/chosesimple.com\/index.php?rest_route=\/wp\/v2\/product\/136","targetHints":{"allow":["GET"]}}],"collection":[{"href":"https:\/\/chosesimple.com\/index.php?rest_route=\/wp\/v2\/product"}],"about":[{"href":"https:\/\/chosesimple.com\/index.php?rest_route=\/wp\/v2\/types\/product"}],"replies":[{"embeddable":true,"href":"https:\/\/chosesimple.com\/index.php?rest_route=%2Fwp%2Fv2%2Fcomments&post=136"}],"wp:featuredmedia":[{"embeddable":true,"href":"https:\/\/chosesimple.com\/index.php?rest_route=\/wp\/v2\/media\/137"}],"wp:attachment":[{"href":"https:\/\/chosesimple.com\/index.php?rest_route=%2Fwp%2Fv2%2Fmedia&parent=136"}],"wp:term":[{"taxonomy":"product_brand","embeddable":true,"href":"https:\/\/chosesimple.com\/index.php?rest_route=%2Fwp%2Fv2%2Fproduct_brand&post=136"},{"taxonomy":"product_cat","embeddable":true,"href":"https:\/\/chosesimple.com\/index.php?rest_route=%2Fwp%2Fv2%2Fproduct_cat&post=136"},{"taxonomy":"product_tag","embeddable":true,"href":"https:\/\/chosesimple.com\/index.php?rest_route=%2Fwp%2Fv2%2Fproduct_tag&post=136"}],"curies":[{"name":"wp","href":"https:\/\/api.w.org\/{rel}","templated":true}]}}