{"id":176,"date":"2025-02-13T12:01:19","date_gmt":"2025-02-13T11:01:19","guid":{"rendered":"http:\/\/chosesimple.com\/?post_type=product&#038;p=176"},"modified":"2025-03-31T15:18:25","modified_gmt":"2025-03-31T13:18:25","slug":"veste-femme-laine-bleue","status":"publish","type":"product","link":"https:\/\/chosesimple.com\/?product=veste-femme-laine-bleue","title":{"rendered":"Veste Femme Laine Bleue"},"content":{"rendered":"<p data-start=\"188\" data-end=\"586\">Cette veste courte en laine vierge incarne un parfait \u00e9quilibre entre \u00e9l\u00e9gance intemporelle et engagement responsable. Confectionn\u00e9e \u00e0 partir de laine issue de deadstock d&#8217;origine italienne, elle donne une seconde vie \u00e0 des mat\u00e9riaux d&#8217;exception tout en r\u00e9duisant le gaspillage textile. Sa coupe structur\u00e9e et ses manches \u00e9vas\u00e9es apportent une touche sophistiqu\u00e9e et moderne \u00e0 cette pi\u00e8ce unique.<\/p>\n<p data-start=\"588\" data-end=\"848\">Chaque veste est soigneusement assembl\u00e9e \u00e0 Lom\u00e9, Togo, dans un atelier artisanal o\u00f9 la qualit\u00e9 et l&#8217;authenticit\u00e9 sont au c\u0153ur de chaque cr\u00e9ation. Les boutons en corozo recycl\u00e9, fabriqu\u00e9s en France \u00e0 Bernaville (80), ajoutent une finition raffin\u00e9e et \u00e9thique.<\/p>\n<p data-start=\"850\" data-end=\"1101\">Pens\u00e9e pour \u00eatre inclusive, cette veste est disponible dans une large gamme de tailles afin que chacune puisse exprimer son style avec audace et singularit\u00e9. Un v\u00eatement qui allie artisanat, durabilit\u00e9 et modernit\u00e9 pour une allure unique et engag\u00e9e.<\/p>\n<p data-start=\"1103\" data-end=\"1349\">\ud83c\udfa8 <strong data-start=\"1106\" data-end=\"1119\">Mat\u00e9riaux<\/strong> : Laine vierge issue de deadstock italien, boutons Made in France en corozo recycl\u00e9<br data-start=\"1203\" data-end=\"1206\" \/>\ud83c\udf0d <strong data-start=\"1209\" data-end=\"1220\">Origine<\/strong> : Tissu upcycl\u00e9 d&#8217;Italie, fabriqu\u00e9 et assembl\u00e9 \u00e0 Lom\u00e9, Togo<br data-start=\"1280\" data-end=\"1283\" \/>\ud83e\uddf5 <strong data-start=\"1286\" data-end=\"1312\">Fabrication artisanale<\/strong> : Atelier local d\u00e9di\u00e9 \u00e0 la qualit\u00e9<\/p>\n<p data-start=\"1351\" data-end=\"1446\">Ajoutez une touche de sophistication et d&#8217;\u00e9thique \u00e0 votre garde-robe avec cette veste unique.<\/p>\n","protected":false},"excerpt":{"rendered":"<div class=\"flex max-w-full flex-col flex-grow\">\n<div class=\"min-h-8 text-message flex w-full flex-col items-end gap-2 whitespace-normal break-words text-start [.text-message+&amp;]:mt-5\" dir=\"auto\" data-message-author-role=\"assistant\" data-message-id=\"c00625b5-2c5b-442a-ad2f-3578d4120633\" data-message-model-slug=\"gpt-4o\">\n<div class=\"flex w-full flex-col gap-1 empty:hidden first:pt-[3px]\">\n<div class=\"markdown prose w-full break-words dark:prose-invert light\">\n<p data-start=\"0\" data-end=\"248\" data-is-last-node=\"\">Une veste courte en laine vierge issue de deadstock italien, fabriqu\u00e9e \u00e0 Lom\u00e9, Togo, avec des boutons Made in France. Une pi\u00e8ce artisanale, \u00e9l\u00e9gante et responsable, parfaite pour ajouter une touche de sophistication et d\u2019\u00e9thique \u00e0 votre garde-robe.<\/p>\n<\/div>\n<\/div>\n<\/div>\n<\/div>\n","protected":false},"featured_media":362,"comment_status":"open","ping_status":"closed","template":"","meta":[],"product_brand":[],"product_cat":[16],"product_tag":[21],"class_list":{"0":"post-176","1":"product","2":"type-product","3":"status-publish","4":"has-post-thumbnail","6":"product_cat-vetements-chose-simple","7":"product_tag-vestes-chose-simple","9":"first","10":"instock","11":"shipping-taxable","12":"purchasable","13":"product-type-variable"},"jetpack_sharing_enabled":true,"_links":{"self":[{"href":"https:\/\/chosesimple.com\/index.php?rest_route=\/wp\/v2\/product\/176","targetHints":{"allow":["GET"]}}],"collection":[{"href":"https:\/\/chosesimple.com\/index.php?rest_route=\/wp\/v2\/product"}],"about":[{"href":"https:\/\/chosesimple.com\/index.php?rest_route=\/wp\/v2\/types\/product"}],"replies":[{"embeddable":true,"href":"https:\/\/chosesimple.com\/index.php?rest_route=%2Fwp%2Fv2%2Fcomments&post=176"}],"wp:featuredmedia":[{"embeddable":true,"href":"https:\/\/chosesimple.com\/index.php?rest_route=\/wp\/v2\/media\/362"}],"wp:attachment":[{"href":"https:\/\/chosesimple.com\/index.php?rest_route=%2Fwp%2Fv2%2Fmedia&parent=176"}],"wp:term":[{"taxonomy":"product_brand","embeddable":true,"href":"https:\/\/chosesimple.com\/index.php?rest_route=%2Fwp%2Fv2%2Fproduct_brand&post=176"},{"taxonomy":"product_cat","embeddable":true,"href":"https:\/\/chosesimple.com\/index.php?rest_route=%2Fwp%2Fv2%2Fproduct_cat&post=176"},{"taxonomy":"product_tag","embeddable":true,"href":"https:\/\/chosesimple.com\/index.php?rest_route=%2Fwp%2Fv2%2Fproduct_tag&post=176"}],"curies":[{"name":"wp","href":"https:\/\/api.w.org\/{rel}","templated":true}]}}