{"id":192,"date":"2025-02-13T14:30:24","date_gmt":"2025-02-13T13:30:24","guid":{"rendered":"http:\/\/chosesimple.com\/?post_type=product&#038;p=192"},"modified":"2025-02-13T17:07:47","modified_gmt":"2025-02-13T16:07:47","slug":"veste-mixte-laine-verte","status":"publish","type":"product","link":"https:\/\/chosesimple.com\/?product=veste-mixte-laine-verte","title":{"rendered":"Veste Mixte Laine Verte"},"content":{"rendered":"<p data-start=\"245\" data-end=\"635\">Cette veste droite revisite l\u2019iconique veste de travail avec une approche \u00e9l\u00e9gante et responsable. Confectionn\u00e9e \u00e0 partir de laine vierge issue de stocks dormants d\u2019origine italienne, elle valorise des mati\u00e8res d\u2019exception tout en r\u00e9duisant le gaspillage textile. Sa coupe droite et \u00e9pur\u00e9e en fait une pi\u00e8ce intemporelle, parfaite pour structurer une silhouette avec aisance et modernit\u00e9.<\/p>\n<p data-start=\"637\" data-end=\"886\">Chaque veste est assembl\u00e9e avec soin \u00e0 Lom\u00e9, Togo, dans un atelier artisanal o\u00f9 savoir-faire et qualit\u00e9 sont au c\u0153ur de la fabrication. Les boutons en corozo recycl\u00e9, fabriqu\u00e9s en France \u00e0 Bernaville (80), apportent une touche subtile et raffin\u00e9e.<\/p>\n<p data-start=\"888\" data-end=\"1133\">Pens\u00e9e pour \u00eatre durable et polyvalente, cette veste s\u2019int\u00e8gre facilement \u00e0 toutes les garde-robes. Disponible dans une large gamme de tailles, elle s\u2019adresse \u00e0 celles et ceux qui recherchent un v\u00eatement \u00e0 la fois fonctionnel, styl\u00e9 et engag\u00e9.<\/p>\n<p data-start=\"1135\" data-end=\"1388\">\ud83c\udfa8 <strong data-start=\"1138\" data-end=\"1151\">Mat\u00e9riaux<\/strong> : Laine vierge issue de stocks dormants italiens, boutons Made in France en corozo recycl\u00e9<br data-start=\"1242\" data-end=\"1245\" \/>\ud83c\udf0d <strong data-start=\"1248\" data-end=\"1259\">Origine<\/strong> : Tissu upcycl\u00e9 d&#8217;Italie, fabriqu\u00e9 et assembl\u00e9 \u00e0 Lom\u00e9, Togo<br data-start=\"1319\" data-end=\"1322\" \/>\ud83e\uddf5 <strong data-start=\"1325\" data-end=\"1351\">Fabrication artisanale<\/strong> : Atelier local d\u00e9di\u00e9 \u00e0 la qualit\u00e9<\/p>\n<p data-start=\"1390\" data-end=\"1483\">Adoptez une veste intemporelle et \u00e9thique, pens\u00e9e pour allier style, confort et engagement.<\/p>\n<p data-start=\"1485\" data-end=\"1578\"><strong data-start=\"1485\" data-end=\"1495\">Mod\u00e8le<\/strong> : Pierre (1m78, 75kgs) porte une taille M.<\/p>\n","protected":false},"excerpt":{"rendered":"<p>Une veste droite inspir\u00e9e du workwear, confectionn\u00e9e en laine vierge issue de stocks dormants italiens et assembl\u00e9e \u00e0 Lom\u00e9, Togo, avec des boutons Made in France. Une pi\u00e8ce artisanale, intemporelle et responsable, parfaite pour un style \u00e9l\u00e9gant et engag\u00e9.<\/p>\n","protected":false},"featured_media":201,"comment_status":"open","ping_status":"closed","template":"","meta":[],"product_brand":[],"product_cat":[16],"product_tag":[21],"class_list":{"0":"post-192","1":"product","2":"type-product","3":"status-publish","4":"has-post-thumbnail","6":"product_cat-vetements-chose-simple","7":"product_tag-vestes-chose-simple","9":"first","10":"instock","11":"shipping-taxable","12":"purchasable","13":"product-type-variable"},"jetpack_sharing_enabled":true,"_links":{"self":[{"href":"https:\/\/chosesimple.com\/index.php?rest_route=\/wp\/v2\/product\/192","targetHints":{"allow":["GET"]}}],"collection":[{"href":"https:\/\/chosesimple.com\/index.php?rest_route=\/wp\/v2\/product"}],"about":[{"href":"https:\/\/chosesimple.com\/index.php?rest_route=\/wp\/v2\/types\/product"}],"replies":[{"embeddable":true,"href":"https:\/\/chosesimple.com\/index.php?rest_route=%2Fwp%2Fv2%2Fcomments&post=192"}],"wp:featuredmedia":[{"embeddable":true,"href":"https:\/\/chosesimple.com\/index.php?rest_route=\/wp\/v2\/media\/201"}],"wp:attachment":[{"href":"https:\/\/chosesimple.com\/index.php?rest_route=%2Fwp%2Fv2%2Fmedia&parent=192"}],"wp:term":[{"taxonomy":"product_brand","embeddable":true,"href":"https:\/\/chosesimple.com\/index.php?rest_route=%2Fwp%2Fv2%2Fproduct_brand&post=192"},{"taxonomy":"product_cat","embeddable":true,"href":"https:\/\/chosesimple.com\/index.php?rest_route=%2Fwp%2Fv2%2Fproduct_cat&post=192"},{"taxonomy":"product_tag","embeddable":true,"href":"https:\/\/chosesimple.com\/index.php?rest_route=%2Fwp%2Fv2%2Fproduct_tag&post=192"}],"curies":[{"name":"wp","href":"https:\/\/api.w.org\/{rel}","templated":true}]}}