{"id":259,"date":"2025-03-28T16:46:07","date_gmt":"2025-03-28T15:46:07","guid":{"rendered":"https:\/\/chosesimple.com\/?post_type=product&#038;p=259"},"modified":"2025-04-16T17:24:25","modified_gmt":"2025-04-16T15:24:25","slug":"bracelet-en-verre-rouge-artisanat-du-togo","status":"publish","type":"product","link":"https:\/\/chosesimple.com\/?product=bracelet-en-verre-rouge-artisanat-du-togo","title":{"rendered":"Bracelet en Verre Rouge &#8211; Artisanat du Togo"},"content":{"rendered":"<p class=\"\" data-start=\"141\" data-end=\"192\">\ud83d\udecd <strong data-start=\"144\" data-end=\"190\">Fabriqu\u00e9 \u00e0 la main | \u00c9thique &amp; Authentique<\/strong><\/p>\n<p class=\"\" data-start=\"194\" data-end=\"588\"><strong data-start=\"194\" data-end=\"214\">\ud83d\udccc Description :<\/strong><br data-start=\"214\" data-end=\"217\" \/>Ce magnifique bracelet en verre rouge est une pi\u00e8ce unique, fabriqu\u00e9e \u00e0 la main par des artisans togolais selon un savoir-faire ancestral. Compos\u00e9 de perles de verre recycl\u00e9, il allie \u00e9l\u00e9gance et engagement \u00e9cologique. Chaque perle est soigneusement fa\u00e7onn\u00e9e et assembl\u00e9e pour offrir un bijou raffin\u00e9, id\u00e9al pour sublimer vos tenues avec une touche ethnique et color\u00e9e.<\/p>\n<p class=\"\" data-start=\"590\" data-end=\"616\"><strong data-start=\"590\" data-end=\"614\">\u2728 Caract\u00e9ristiques :<\/strong><\/p>\n<ul data-start=\"617\" data-end=\"821\">\n<li class=\"\" data-start=\"617\" data-end=\"649\">\n<p class=\"\" data-start=\"619\" data-end=\"649\"><strong data-start=\"619\" data-end=\"631\">Mat\u00e9riau<\/strong> : Verre recycl\u00e9<\/p>\n<\/li>\n<li class=\"\" data-start=\"650\" data-end=\"677\">\n<p class=\"\" data-start=\"652\" data-end=\"677\"><strong data-start=\"652\" data-end=\"663\">Couleur<\/strong> : Rouge vif<\/p>\n<\/li>\n<li class=\"\" data-start=\"678\" data-end=\"700\">\n<p class=\"\" data-start=\"680\" data-end=\"700\"><strong data-start=\"680\" data-end=\"691\">Origine<\/strong> : Togo<\/p>\n<\/li>\n<li class=\"\" data-start=\"701\" data-end=\"744\">\n<p class=\"\" data-start=\"703\" data-end=\"744\"><strong data-start=\"703\" data-end=\"716\">Fait main<\/strong> : Chaque pi\u00e8ce est unique<\/p>\n<\/li>\n<li class=\"\" data-start=\"745\" data-end=\"821\">\n<p class=\"\" data-start=\"747\" data-end=\"821\"><strong data-start=\"747\" data-end=\"760\">Fermeture<\/strong> : \u00c9lastique (ajustable) ou avec un fermoir selon le mod\u00e8le<\/p>\n<\/li>\n<\/ul>\n<p class=\"\" data-start=\"823\" data-end=\"996\"><strong data-start=\"823\" data-end=\"850\">\ud83c\udf0d Un achat responsable<\/strong><br data-start=\"850\" data-end=\"853\" \/>En choisissant ce bracelet, vous soutenez l\u2019artisanat local et favorisez un commerce \u00e9quitable qui valorise le travail des artisans togolais.<\/p>\n<p class=\"\" data-start=\"998\" data-end=\"1087\">\ud83d\udce6 <strong data-start=\"1001\" data-end=\"1021\">Livraison rapide<\/strong> | \ud83c\udf81 <strong data-start=\"1027\" data-end=\"1060\">Id\u00e9al pour un cadeau original<\/strong> | \ud83c\udf31 <strong data-start=\"1066\" data-end=\"1085\">\u00c9co-responsable<\/strong><\/p>\n","protected":false},"excerpt":{"rendered":"<p class=\"\" data-start=\"0\" data-end=\"49\"><strong data-start=\"0\" data-end=\"47\">Bracelet en verre rouge \u2013 Artisanat du Togo<\/strong><\/p>\n<p class=\"\" data-start=\"51\" data-end=\"307\">\u00c9l\u00e9gant et \u00e9thique, ce bracelet en verre recycl\u00e9 est fabriqu\u00e9 \u00e0 la main par des artisans togolais. Ses perles rouges vibrantes ajoutent une touche d\u2019authenticit\u00e9 et de couleur \u00e0 votre style. Un bijou unique qui allie tradition et engagement \u00e9cologique. \ud83c\udf0d\u2728<\/p>\n","protected":false},"featured_media":437,"comment_status":"open","ping_status":"closed","template":"","meta":[],"product_brand":[],"product_cat":[17],"product_tag":[19],"class_list":{"0":"post-259","1":"product","2":"type-product","3":"status-publish","4":"has-post-thumbnail","6":"product_cat-bijoux-chose-simple","7":"product_tag-bracelets-chose-simple","9":"first","10":"instock","11":"shipping-taxable","12":"purchasable","13":"product-type-simple"},"jetpack_sharing_enabled":true,"_links":{"self":[{"href":"https:\/\/chosesimple.com\/index.php?rest_route=\/wp\/v2\/product\/259","targetHints":{"allow":["GET"]}}],"collection":[{"href":"https:\/\/chosesimple.com\/index.php?rest_route=\/wp\/v2\/product"}],"about":[{"href":"https:\/\/chosesimple.com\/index.php?rest_route=\/wp\/v2\/types\/product"}],"replies":[{"embeddable":true,"href":"https:\/\/chosesimple.com\/index.php?rest_route=%2Fwp%2Fv2%2Fcomments&post=259"}],"wp:featuredmedia":[{"embeddable":true,"href":"https:\/\/chosesimple.com\/index.php?rest_route=\/wp\/v2\/media\/437"}],"wp:attachment":[{"href":"https:\/\/chosesimple.com\/index.php?rest_route=%2Fwp%2Fv2%2Fmedia&parent=259"}],"wp:term":[{"taxonomy":"product_brand","embeddable":true,"href":"https:\/\/chosesimple.com\/index.php?rest_route=%2Fwp%2Fv2%2Fproduct_brand&post=259"},{"taxonomy":"product_cat","embeddable":true,"href":"https:\/\/chosesimple.com\/index.php?rest_route=%2Fwp%2Fv2%2Fproduct_cat&post=259"},{"taxonomy":"product_tag","embeddable":true,"href":"https:\/\/chosesimple.com\/index.php?rest_route=%2Fwp%2Fv2%2Fproduct_tag&post=259"}],"curies":[{"name":"wp","href":"https:\/\/api.w.org\/{rel}","templated":true}]}}