{"id":279,"date":"2025-03-28T16:59:58","date_gmt":"2025-03-28T15:59:58","guid":{"rendered":"https:\/\/chosesimple.com\/?post_type=product&#038;p=279"},"modified":"2025-03-28T17:03:43","modified_gmt":"2025-03-28T16:03:43","slug":"bracelet-en-verre-jaune-artisanat-du-togo","status":"publish","type":"product","link":"https:\/\/chosesimple.com\/?product=bracelet-en-verre-jaune-artisanat-du-togo","title":{"rendered":"Bracelet en verre jaune \u2013 Artisanat du Togo"},"content":{"rendered":"<p class=\"\" data-start=\"51\" data-end=\"102\">\ud83d\udecd <strong data-start=\"54\" data-end=\"100\">Fabriqu\u00e9 \u00e0 la main | \u00c9thique &amp; Authentique<\/strong><\/p>\n<p class=\"\" data-start=\"104\" data-end=\"626\"><strong data-start=\"104\" data-end=\"124\">\ud83d\udccc Description :<\/strong><br data-start=\"124\" data-end=\"127\" \/>Ce magnifique bracelet en verre jaune est une pi\u00e8ce artisanale unique, fa\u00e7onn\u00e9e \u00e0 la main par des artisans togolais selon un savoir-faire traditionnel. Fabriqu\u00e9 \u00e0 partir de verre recycl\u00e9, il incarne \u00e0 la fois l\u2019\u00e9l\u00e9gance et l\u2019engagement \u00e9cologique. Ses perles d\u2019un jaune \u00e9clatant \u00e9voquent la chaleur du soleil et apportent une touche lumineuse et joyeuse \u00e0 votre style. L\u00e9ger et confortable, il s\u2019adapte \u00e0 tous les poignets et peut \u00eatre port\u00e9 seul ou en combinaison pour un look original et color\u00e9.<\/p>\n<p class=\"\" data-start=\"628\" data-end=\"654\"><strong data-start=\"628\" data-end=\"652\">\u2728 Caract\u00e9ristiques :<\/strong><\/p>\n<ul data-start=\"655\" data-end=\"873\">\n<li class=\"\" data-start=\"655\" data-end=\"687\">\n<p class=\"\" data-start=\"657\" data-end=\"687\"><strong data-start=\"657\" data-end=\"669\">Mat\u00e9riau<\/strong> : Verre recycl\u00e9<\/p>\n<\/li>\n<li class=\"\" data-start=\"688\" data-end=\"720\">\n<p class=\"\" data-start=\"690\" data-end=\"720\"><strong data-start=\"690\" data-end=\"701\">Couleur<\/strong> : Jaune \u00e9clatant<\/p>\n<\/li>\n<li class=\"\" data-start=\"721\" data-end=\"743\">\n<p class=\"\" data-start=\"723\" data-end=\"743\"><strong data-start=\"723\" data-end=\"734\">Origine<\/strong> : Togo<\/p>\n<\/li>\n<li class=\"\" data-start=\"744\" data-end=\"806\">\n<p class=\"\" data-start=\"746\" data-end=\"806\"><strong data-start=\"746\" data-end=\"761\">Fabrication<\/strong> : 100% artisanale, chaque pi\u00e8ce est unique<\/p>\n<\/li>\n<li class=\"\" data-start=\"807\" data-end=\"873\">\n<p class=\"\" data-start=\"809\" data-end=\"873\"><strong data-start=\"809\" data-end=\"822\">Fermeture<\/strong> : \u00c9lastique ajustable ou fermoir selon le mod\u00e8le<\/p>\n<\/li>\n<\/ul>\n<p class=\"\" data-start=\"875\" data-end=\"1014\"><strong data-start=\"875\" data-end=\"902\">\ud83c\udf0d Un achat responsable<\/strong><br data-start=\"902\" data-end=\"905\" \/>En optant pour ce bracelet, vous soutenez l\u2019artisanat togolais et adoptez une mode plus \u00e9thique et durable.<\/p>\n<p class=\"\" data-start=\"1016\" data-end=\"1105\">\ud83d\udce6 <strong data-start=\"1019\" data-end=\"1039\">Livraison rapide<\/strong> | \ud83c\udf81 <strong data-start=\"1045\" data-end=\"1078\">Id\u00e9al pour un cadeau original<\/strong> | \ud83c\udf31 <strong data-start=\"1084\" data-end=\"1103\">\u00c9co-responsable<\/strong><\/p>\n","protected":false},"excerpt":{"rendered":"<p>\u00c9clatant et authentique, ce bracelet en verre recycl\u00e9, fabriqu\u00e9 \u00e0 la main au Togo, illumine votre poignet avec son jaune solaire. Un bijou unique qui allie tradition et engagement \u00e9cologique. \ud83d\udc9b\u2728<\/p>\n","protected":false},"featured_media":282,"comment_status":"open","ping_status":"closed","template":"","meta":[],"product_brand":[],"product_cat":[17],"product_tag":[19],"class_list":{"0":"post-279","1":"product","2":"type-product","3":"status-publish","4":"has-post-thumbnail","6":"product_cat-bijoux-chose-simple","7":"product_tag-bracelets-chose-simple","9":"first","10":"instock","11":"shipping-taxable","12":"purchasable","13":"product-type-simple"},"jetpack_sharing_enabled":true,"_links":{"self":[{"href":"https:\/\/chosesimple.com\/index.php?rest_route=\/wp\/v2\/product\/279","targetHints":{"allow":["GET"]}}],"collection":[{"href":"https:\/\/chosesimple.com\/index.php?rest_route=\/wp\/v2\/product"}],"about":[{"href":"https:\/\/chosesimple.com\/index.php?rest_route=\/wp\/v2\/types\/product"}],"replies":[{"embeddable":true,"href":"https:\/\/chosesimple.com\/index.php?rest_route=%2Fwp%2Fv2%2Fcomments&post=279"}],"wp:featuredmedia":[{"embeddable":true,"href":"https:\/\/chosesimple.com\/index.php?rest_route=\/wp\/v2\/media\/282"}],"wp:attachment":[{"href":"https:\/\/chosesimple.com\/index.php?rest_route=%2Fwp%2Fv2%2Fmedia&parent=279"}],"wp:term":[{"taxonomy":"product_brand","embeddable":true,"href":"https:\/\/chosesimple.com\/index.php?rest_route=%2Fwp%2Fv2%2Fproduct_brand&post=279"},{"taxonomy":"product_cat","embeddable":true,"href":"https:\/\/chosesimple.com\/index.php?rest_route=%2Fwp%2Fv2%2Fproduct_cat&post=279"},{"taxonomy":"product_tag","embeddable":true,"href":"https:\/\/chosesimple.com\/index.php?rest_route=%2Fwp%2Fv2%2Fproduct_tag&post=279"}],"curies":[{"name":"wp","href":"https:\/\/api.w.org\/{rel}","templated":true}]}}