{"id":285,"date":"2025-03-28T17:08:20","date_gmt":"2025-03-28T16:08:20","guid":{"rendered":"https:\/\/chosesimple.com\/?post_type=product&#038;p=285"},"modified":"2025-03-28T17:08:20","modified_gmt":"2025-03-28T16:08:20","slug":"bracelet-en-bois-artisanat-du-togo","status":"publish","type":"product","link":"https:\/\/chosesimple.com\/?product=bracelet-en-bois-artisanat-du-togo","title":{"rendered":"Bracelet en bois \u2013 Artisanat du Togo"},"content":{"rendered":"<p class=\"\" data-start=\"44\" data-end=\"95\">\ud83d\udecd <strong data-start=\"47\" data-end=\"93\">Fabriqu\u00e9 \u00e0 la main | \u00c9thique &amp; Authentique<\/strong><\/p>\n<p class=\"\" data-start=\"97\" data-end=\"647\"><strong data-start=\"97\" data-end=\"117\">\ud83d\udccc Description :<\/strong><br data-start=\"117\" data-end=\"120\" \/>Ce bracelet en bois est une pi\u00e8ce artisanale unique, fa\u00e7onn\u00e9e \u00e0 la main par des artisans togolais selon un savoir-faire traditionnel. Compos\u00e9 de perles de bois naturelles, il allie simplicit\u00e9 et \u00e9l\u00e9gance pour un style \u00e0 la fois authentique et intemporel. L\u00e9ger et confortable, il s\u2019adapte \u00e0 tous les poignets et peut \u00eatre port\u00e9 seul ou en accumulation pour un look boh\u00e8me et naturel. Sa conception en bois refl\u00e8te une connexion profonde avec la nature, offrant un bijou \u00e0 la fois esth\u00e9tique et respectueux de l\u2019environnement.<\/p>\n<p class=\"\" data-start=\"649\" data-end=\"675\"><strong data-start=\"649\" data-end=\"673\">\u2728 Caract\u00e9ristiques :<\/strong><\/p>\n<ul data-start=\"676\" data-end=\"924\">\n<li class=\"\" data-start=\"676\" data-end=\"707\">\n<p class=\"\" data-start=\"678\" data-end=\"707\"><strong data-start=\"678\" data-end=\"690\">Mat\u00e9riau<\/strong> : Bois naturel<\/p>\n<\/li>\n<li class=\"\" data-start=\"708\" data-end=\"771\">\n<p class=\"\" data-start=\"710\" data-end=\"771\"><strong data-start=\"710\" data-end=\"721\">Couleur<\/strong> : Marron clair ou fonc\u00e9 selon l\u2019essence du bois<\/p>\n<\/li>\n<li class=\"\" data-start=\"772\" data-end=\"794\">\n<p class=\"\" data-start=\"774\" data-end=\"794\"><strong data-start=\"774\" data-end=\"785\">Origine<\/strong> : Togo<\/p>\n<\/li>\n<li class=\"\" data-start=\"795\" data-end=\"857\">\n<p class=\"\" data-start=\"797\" data-end=\"857\"><strong data-start=\"797\" data-end=\"812\">Fabrication<\/strong> : 100% artisanale, chaque pi\u00e8ce est unique<\/p>\n<\/li>\n<li class=\"\" data-start=\"858\" data-end=\"924\">\n<p class=\"\" data-start=\"860\" data-end=\"924\"><strong data-start=\"860\" data-end=\"873\">Fermeture<\/strong> : \u00c9lastique ajustable ou fermoir selon le mod\u00e8le<\/p>\n<\/li>\n<\/ul>\n<p class=\"\" data-start=\"926\" data-end=\"1072\"><strong data-start=\"926\" data-end=\"953\">\ud83c\udf0d Un achat responsable<\/strong><br data-start=\"953\" data-end=\"956\" \/>En choisissant ce bracelet, vous soutenez l\u2019artisanat local et favorisez une consommation plus \u00e9thique et durable.<\/p>\n<p class=\"\" data-start=\"1074\" data-end=\"1163\">\ud83d\udce6 <strong data-start=\"1077\" data-end=\"1097\">Livraison rapide<\/strong> | \ud83c\udf81 <strong data-start=\"1103\" data-end=\"1136\">Id\u00e9al pour un cadeau original<\/strong> | \ud83c\udf31 <strong data-start=\"1142\" data-end=\"1161\">\u00c9co-responsable<\/strong><\/p>\n","protected":false},"excerpt":{"rendered":"<p>Naturel et raffin\u00e9, ce bracelet en bois, fabriqu\u00e9 \u00e0 la main au Togo, apporte une touche authentique et \u00e9l\u00e9gante \u00e0 votre style. Un bijou unique qui allie tradition et engagement \u00e9cologique. \ud83c\udf3f\u2728<\/p>\n","protected":false},"featured_media":287,"comment_status":"open","ping_status":"closed","template":"","meta":[],"product_brand":[],"product_cat":[17],"product_tag":[],"class_list":{"0":"post-285","1":"product","2":"type-product","3":"status-publish","4":"has-post-thumbnail","6":"product_cat-bijoux-chose-simple","8":"first","9":"instock","10":"shipping-taxable","11":"purchasable","12":"product-type-simple"},"jetpack_sharing_enabled":true,"_links":{"self":[{"href":"https:\/\/chosesimple.com\/index.php?rest_route=\/wp\/v2\/product\/285","targetHints":{"allow":["GET"]}}],"collection":[{"href":"https:\/\/chosesimple.com\/index.php?rest_route=\/wp\/v2\/product"}],"about":[{"href":"https:\/\/chosesimple.com\/index.php?rest_route=\/wp\/v2\/types\/product"}],"replies":[{"embeddable":true,"href":"https:\/\/chosesimple.com\/index.php?rest_route=%2Fwp%2Fv2%2Fcomments&post=285"}],"wp:featuredmedia":[{"embeddable":true,"href":"https:\/\/chosesimple.com\/index.php?rest_route=\/wp\/v2\/media\/287"}],"wp:attachment":[{"href":"https:\/\/chosesimple.com\/index.php?rest_route=%2Fwp%2Fv2%2Fmedia&parent=285"}],"wp:term":[{"taxonomy":"product_brand","embeddable":true,"href":"https:\/\/chosesimple.com\/index.php?rest_route=%2Fwp%2Fv2%2Fproduct_brand&post=285"},{"taxonomy":"product_cat","embeddable":true,"href":"https:\/\/chosesimple.com\/index.php?rest_route=%2Fwp%2Fv2%2Fproduct_cat&post=285"},{"taxonomy":"product_tag","embeddable":true,"href":"https:\/\/chosesimple.com\/index.php?rest_route=%2Fwp%2Fv2%2Fproduct_tag&post=285"}],"curies":[{"name":"wp","href":"https:\/\/api.w.org\/{rel}","templated":true}]}}