{"id":298,"date":"2025-03-28T17:29:44","date_gmt":"2025-03-28T16:29:44","guid":{"rendered":"https:\/\/chosesimple.com\/?post_type=product&#038;p=298"},"modified":"2025-03-31T15:13:51","modified_gmt":"2025-03-31T13:13:51","slug":"bracelet-en-jade-blanc-artisanat-du-togo","status":"publish","type":"product","link":"https:\/\/chosesimple.com\/?product=bracelet-en-jade-blanc-artisanat-du-togo","title":{"rendered":"Bracelet en jade blanc \u2013 Artisanat du Togo"},"content":{"rendered":"<p class=\"\" data-start=\"50\" data-end=\"101\">\ud83d\udecd <strong data-start=\"53\" data-end=\"99\">Fabriqu\u00e9 \u00e0 la main | \u00c9thique &amp; Authentique<\/strong><\/p>\n<p class=\"\" data-start=\"103\" data-end=\"602\"><strong data-start=\"103\" data-end=\"123\">\ud83d\udccc Description :<\/strong><br data-start=\"123\" data-end=\"126\" \/>Ce bracelet en jade blanc est une pi\u00e8ce artisanale \u00e9l\u00e9gante, fabriqu\u00e9e \u00e0 la main au Togo avec des perles de jade blanc naturel. Symbole de puret\u00e9 et de s\u00e9r\u00e9nit\u00e9, le jade blanc est r\u00e9put\u00e9 pour ses propri\u00e9t\u00e9s apaisantes et \u00e9quilibrantes. Les perles d\u00e9licatement polies ajoutent une touche de lumi\u00e8re et de raffinement \u00e0 votre style. L\u00e9ger et confortable, il se porte aussi bien seul pour un look \u00e9pur\u00e9 ou en combinaison avec d\u2019autres bracelets pour un effet boh\u00e8me et raffin\u00e9.<\/p>\n<p class=\"\" data-start=\"604\" data-end=\"630\"><strong data-start=\"604\" data-end=\"628\">\u2728 Caract\u00e9ristiques :<\/strong><\/p>\n<ul data-start=\"631\" data-end=\"864\">\n<li class=\"\" data-start=\"631\" data-end=\"678\">\n<p class=\"\" data-start=\"633\" data-end=\"678\"><strong data-start=\"633\" data-end=\"645\">Mat\u00e9riau<\/strong> : Pierre de jade blanc naturel<\/p>\n<\/li>\n<li class=\"\" data-start=\"679\" data-end=\"711\">\n<p class=\"\" data-start=\"681\" data-end=\"711\"><strong data-start=\"681\" data-end=\"692\">Couleur<\/strong> : Blanc \u00e9clatant<\/p>\n<\/li>\n<li class=\"\" data-start=\"712\" data-end=\"734\">\n<p class=\"\" data-start=\"714\" data-end=\"734\"><strong data-start=\"714\" data-end=\"725\">Origine<\/strong> : Togo<\/p>\n<\/li>\n<li class=\"\" data-start=\"735\" data-end=\"797\">\n<p class=\"\" data-start=\"737\" data-end=\"797\"><strong data-start=\"737\" data-end=\"752\">Fabrication<\/strong> : 100% artisanale, chaque pi\u00e8ce est unique<\/p>\n<\/li>\n<li class=\"\" data-start=\"798\" data-end=\"864\">\n<p class=\"\" data-start=\"800\" data-end=\"864\"><strong data-start=\"800\" data-end=\"813\">Fermeture<\/strong> : \u00c9lastique ajustable ou fermoir selon le mod\u00e8le<\/p>\n<\/li>\n<\/ul>\n<p class=\"\" data-start=\"866\" data-end=\"1051\"><strong data-start=\"866\" data-end=\"893\">\ud83c\udf0d Un achat responsable<\/strong><br data-start=\"893\" data-end=\"896\" \/>Choisir ce bracelet, c\u2019est soutenir l\u2019artisanat local tout en profitant des vertus apaisantes du jade blanc, une pierre pr\u00e9cieuse aux \u00e9nergies positives.<\/p>\n<p class=\"\" data-start=\"1053\" data-end=\"1142\">\ud83d\udce6 <strong data-start=\"1056\" data-end=\"1076\">Livraison rapide<\/strong> | \ud83c\udf81 <strong data-start=\"1082\" data-end=\"1115\">Id\u00e9al pour un cadeau original<\/strong> | \ud83c\udf31 <strong data-start=\"1121\" data-end=\"1140\">\u00c9co-responsable<\/strong><\/p>\n","protected":false},"excerpt":{"rendered":"<p>Pur et raffin\u00e9, ce bracelet en jade blanc, fabriqu\u00e9 \u00e0 la main au Togo, offre une touche lumineuse et apaisante \u00e0 votre poignet. Un bijou unique et \u00e9l\u00e9gant. \ud83e\udd0d\u2728<\/p>\n","protected":false},"featured_media":299,"comment_status":"open","ping_status":"closed","template":"","meta":[],"product_brand":[],"product_cat":[17],"product_tag":[],"class_list":{"0":"post-298","1":"product","2":"type-product","3":"status-publish","4":"has-post-thumbnail","6":"product_cat-bijoux-chose-simple","8":"first","9":"instock","10":"shipping-taxable","11":"purchasable","12":"product-type-simple"},"jetpack_sharing_enabled":true,"_links":{"self":[{"href":"https:\/\/chosesimple.com\/index.php?rest_route=\/wp\/v2\/product\/298","targetHints":{"allow":["GET"]}}],"collection":[{"href":"https:\/\/chosesimple.com\/index.php?rest_route=\/wp\/v2\/product"}],"about":[{"href":"https:\/\/chosesimple.com\/index.php?rest_route=\/wp\/v2\/types\/product"}],"replies":[{"embeddable":true,"href":"https:\/\/chosesimple.com\/index.php?rest_route=%2Fwp%2Fv2%2Fcomments&post=298"}],"wp:featuredmedia":[{"embeddable":true,"href":"https:\/\/chosesimple.com\/index.php?rest_route=\/wp\/v2\/media\/299"}],"wp:attachment":[{"href":"https:\/\/chosesimple.com\/index.php?rest_route=%2Fwp%2Fv2%2Fmedia&parent=298"}],"wp:term":[{"taxonomy":"product_brand","embeddable":true,"href":"https:\/\/chosesimple.com\/index.php?rest_route=%2Fwp%2Fv2%2Fproduct_brand&post=298"},{"taxonomy":"product_cat","embeddable":true,"href":"https:\/\/chosesimple.com\/index.php?rest_route=%2Fwp%2Fv2%2Fproduct_cat&post=298"},{"taxonomy":"product_tag","embeddable":true,"href":"https:\/\/chosesimple.com\/index.php?rest_route=%2Fwp%2Fv2%2Fproduct_tag&post=298"}],"curies":[{"name":"wp","href":"https:\/\/api.w.org\/{rel}","templated":true}]}}