{"id":308,"date":"2025-03-28T18:14:47","date_gmt":"2025-03-28T17:14:47","guid":{"rendered":"https:\/\/chosesimple.com\/?post_type=product&#038;p=308"},"modified":"2025-03-31T15:15:12","modified_gmt":"2025-03-31T13:15:12","slug":"bracelet-en-jade-artisanat-du-togo","status":"publish","type":"product","link":"https:\/\/chosesimple.com\/?product=bracelet-en-jade-artisanat-du-togo","title":{"rendered":"Bracelet en jade \u2013 Artisanat du Togo"},"content":{"rendered":"<p class=\"\" data-start=\"44\" data-end=\"95\">\ud83d\udecd <strong data-start=\"47\" data-end=\"93\">Fabriqu\u00e9 \u00e0 la main | \u00c9thique &amp; Authentique<\/strong><\/p>\n<p class=\"\" data-start=\"97\" data-end=\"629\"><strong data-start=\"97\" data-end=\"117\">\ud83d\udccc Description :<\/strong><br data-start=\"117\" data-end=\"120\" \/>Ce bracelet en jade est une pi\u00e8ce artisanale exceptionnelle, fabriqu\u00e9e \u00e0 la main au Togo avec des perles de jade naturel. Le jade, symbole de prosp\u00e9rit\u00e9, de chance et de s\u00e9r\u00e9nit\u00e9, est une pierre pr\u00e9cieuse appr\u00e9ci\u00e9e pour ses vertus apaisantes et \u00e9quilibrantes. Ses perles lisses et \u00e9clatantes ajoutent une touche de raffinement et de sagesse \u00e0 votre poignet. L\u00e9ger et confortable, il se porte ais\u00e9ment seul pour un look \u00e9pur\u00e9 ou en combinaison avec d\u2019autres bracelets pour un effet plus boh\u00e8me et harmonieux.<\/p>\n<p class=\"\" data-start=\"631\" data-end=\"657\"><strong data-start=\"631\" data-end=\"655\">\u2728 Caract\u00e9ristiques :<\/strong><\/p>\n<ul data-start=\"658\" data-end=\"892\">\n<li class=\"\" data-start=\"658\" data-end=\"699\">\n<p class=\"\" data-start=\"660\" data-end=\"699\"><strong data-start=\"660\" data-end=\"672\">Mat\u00e9riau<\/strong> : Pierre de jade naturel<\/p>\n<\/li>\n<li class=\"\" data-start=\"700\" data-end=\"739\">\n<p class=\"\" data-start=\"702\" data-end=\"739\"><strong data-start=\"702\" data-end=\"713\">Couleur<\/strong> : Vert doux et \u00e9clatant<\/p>\n<\/li>\n<li class=\"\" data-start=\"740\" data-end=\"762\">\n<p class=\"\" data-start=\"742\" data-end=\"762\"><strong data-start=\"742\" data-end=\"753\">Origine<\/strong> : Togo<\/p>\n<\/li>\n<li class=\"\" data-start=\"763\" data-end=\"825\">\n<p class=\"\" data-start=\"765\" data-end=\"825\"><strong data-start=\"765\" data-end=\"780\">Fabrication<\/strong> : 100% artisanale, chaque pi\u00e8ce est unique<\/p>\n<\/li>\n<li class=\"\" data-start=\"826\" data-end=\"892\">\n<p class=\"\" data-start=\"828\" data-end=\"892\"><strong data-start=\"828\" data-end=\"841\">Fermeture<\/strong> : \u00c9lastique ajustable ou fermoir selon le mod\u00e8le<\/p>\n<\/li>\n<\/ul>\n<p class=\"\" data-start=\"894\" data-end=\"1086\"><strong data-start=\"894\" data-end=\"921\">\ud83c\udf0d Un achat responsable<\/strong><br data-start=\"921\" data-end=\"924\" \/>En choisissant ce bracelet, vous soutenez l\u2019artisanat local et profitez des bienfaits du jade, une pierre pr\u00e9cieuse aux propri\u00e9t\u00e9s protectrices et \u00e9nergisantes.<\/p>\n<p class=\"\" data-start=\"1088\" data-end=\"1177\">\ud83d\udce6 <strong data-start=\"1091\" data-end=\"1111\">Livraison rapide<\/strong> | \ud83c\udf81 <strong data-start=\"1117\" data-end=\"1150\">Id\u00e9al pour un cadeau original<\/strong> | \ud83c\udf31 <strong data-start=\"1156\" data-end=\"1175\">\u00c9co-responsable<\/strong><\/p>\n","protected":false},"excerpt":{"rendered":"<p>Raffin\u00e9 et apaisant, ce bracelet en jade, fabriqu\u00e9 \u00e0 la main au Togo, offre une touche de s\u00e9r\u00e9nit\u00e9 et d&#8217;\u00e9l\u00e9gance \u00e0 votre poignet. Un bijou unique aux vertus protectrices. \ud83d\udc9a\u2728<\/p>\n","protected":false},"featured_media":359,"comment_status":"open","ping_status":"closed","template":"","meta":[],"product_brand":[],"product_cat":[17],"product_tag":[],"class_list":{"0":"post-308","1":"product","2":"type-product","3":"status-publish","4":"has-post-thumbnail","6":"product_cat-bijoux-chose-simple","8":"first","9":"instock","10":"shipping-taxable","11":"purchasable","12":"product-type-simple"},"jetpack_sharing_enabled":true,"_links":{"self":[{"href":"https:\/\/chosesimple.com\/index.php?rest_route=\/wp\/v2\/product\/308","targetHints":{"allow":["GET"]}}],"collection":[{"href":"https:\/\/chosesimple.com\/index.php?rest_route=\/wp\/v2\/product"}],"about":[{"href":"https:\/\/chosesimple.com\/index.php?rest_route=\/wp\/v2\/types\/product"}],"replies":[{"embeddable":true,"href":"https:\/\/chosesimple.com\/index.php?rest_route=%2Fwp%2Fv2%2Fcomments&post=308"}],"wp:featuredmedia":[{"embeddable":true,"href":"https:\/\/chosesimple.com\/index.php?rest_route=\/wp\/v2\/media\/359"}],"wp:attachment":[{"href":"https:\/\/chosesimple.com\/index.php?rest_route=%2Fwp%2Fv2%2Fmedia&parent=308"}],"wp:term":[{"taxonomy":"product_brand","embeddable":true,"href":"https:\/\/chosesimple.com\/index.php?rest_route=%2Fwp%2Fv2%2Fproduct_brand&post=308"},{"taxonomy":"product_cat","embeddable":true,"href":"https:\/\/chosesimple.com\/index.php?rest_route=%2Fwp%2Fv2%2Fproduct_cat&post=308"},{"taxonomy":"product_tag","embeddable":true,"href":"https:\/\/chosesimple.com\/index.php?rest_route=%2Fwp%2Fv2%2Fproduct_tag&post=308"}],"curies":[{"name":"wp","href":"https:\/\/api.w.org\/{rel}","templated":true}]}}